{"id":3349,"date":"2019-05-25T00:46:28","date_gmt":"2019-05-24T22:46:28","guid":{"rendered":"https:\/\/www3.accompagner.be\/home\/"},"modified":"2026-03-30T11:35:58","modified_gmt":"2026-03-30T09:35:58","slug":"home","status":"publish","type":"page","link":"https:\/\/accompagner.be\/nl\/","title":{"rendered":"Home"},"content":{"rendered":"\n<div class=\"wp-block-advgb-container advgb-blocks-container\">\n<div class=\"wp-block-columns has-2-columns\">\n<div class=\"wp-block-column\">\n<p>De vzw Les Amis d&#8217;Accompagner is een eerstelijns sociale instelling die drie diensten aanbiedt: <\/p>\n\n\n\n<ul><li><a href=\"https:\/\/accompagner.be\/nl\/sociale-dienst\/\" target=\"_blank\" rel=\"noreferrer noopener\">De sociaal-juridische dienst voor opvang en begeleiding<\/a><\/li><li>Contact : bruxelles@accompagner.be, 02\/580.20.30<\/li><\/ul>\n\n\n\n<ul><li><a href=\"https:\/\/accompagner.be\/nl\/partnerwerking\/\" target=\"_blank\" rel=\"noreferrer noopener\">De ambulante ondersteuningsdienst<\/a><\/li><li>Contact : info.saa@accompagner.be, 02\/580.20.33<\/li><\/ul>\n\n\n\n<ul><li><a href=\"https:\/\/accompagner.be\/nl\/le-volontariat-chez-les-amis-daccompagner\/\" target=\"_blank\" rel=\"noreferrer noopener\">De vrijwilligersdienst<\/a><\/li><li>Contact : volontariat@accompagner.be, 02\/580.20.32<\/li><\/ul>\n\n\n\n<p>.<\/p>\n\n\n\n<h4><strong>Onze missie<\/strong><\/h4>\n\n\n\n<ul><li>Het bevorderen en stimuleren van zelfstandig handelen van iedereen die in moeilijkheden verkeert, met het oog op een betere sociale integratie. Daartoe begeleiden opgeleide vrijwilligers hen fysiek ter plaatse bij de nodige stappen om hun rechten terug te krijgen en hun verantwoordelijkheden als burger te kunnen nemen. <\/li><li>Steun op het terrein bevorderen voor iedereen met een tijdelijk of permanent verlies van autonomie om hen in staat te stellen waardig te blijven leven en zich gewaardeerd te voelen in de samenleving.<\/li><li>Dezelfde diensten aanbieden aan elke particuliere of openbare instelling die om dit soort steun voor hun begunstigden verzoekt, om hen in staat te stellen de doeltreffendheid van hun actie te vergroten.<\/li><li>De nodige administratieve en IT-ondersteuning bieden aan iedereen die machteloos staat tegenover de toenemende digitale druk.<\/li><\/ul>\n\n\n\n<p>.<\/p>\n\n\n\n<h4><strong>Een vrijwilligersvereniging<\/strong><\/h4>\n\n\n\n<p>Door elke vrijwilliger persoonlijk te begeleiden, kan hij zijn plaats vinden binnen de vereniging en zich ontplooien in het soort vrijwilligerswerk dat hij wil doen: begeleiding in het veld, secretariaat, informatica, gebed, relationele opvang, sociale opvang, enz.<\/p>\n\n\n\n<p>Tijdens de begeleiding in het veld ondernemen begunstigden en vrijwilligers samen de nodige stappen om de situatie te verbeteren. Het gaat met name om administratieve, juridische, medische, sociale enz. stappen. Ontdek onze <a href=\"\/fr\/?page_id=4275\" target=\"_blank\" rel=\"noreferrer noopener\">actie voor<\/a> meer informatie.  <\/p>\n\n\n\n<p>Elk jaar organiseert de vrijwilligersdienst een reeks activiteiten voor onze vrijwilligers: opleidingen, rondetafelgesprekken, borrels, maaltijden, uitstapjes, enz.<\/p>\n\n\n\n<p>.<\/p>\n\n\n\n<h4><strong>Agenda d&#8217;activit\u00e9s des volontaires<\/strong><\/h4>\n\n\n\n<p><\/p>\n\n\n\n<figure class=\"wp-block-image size-medium is-resized\"><a href=\"https:\/\/accompagner.be\/wp-content\/uploads\/Agenda-Activites-Volontaires-2026.pdf\" target=\"_blank\" rel=\"noopener\"><img loading=\"lazy\" src=\"https:\/\/accompagner.be\/wp-content\/uploads\/\/Agenda-Activites-Vols2026-300x165.png\" alt=\"\" class=\"wp-image-13525\" width=\"792\" height=\"435\" srcset=\"https:\/\/accompagner.be\/wp-content\/uploads\/Agenda-Activites-Vols2026-300x165.png 300w, https:\/\/accompagner.be\/wp-content\/uploads\/Agenda-Activites-Vols2026-1024x564.png 1024w, https:\/\/accompagner.be\/wp-content\/uploads\/Agenda-Activites-Vols2026-768x423.png 768w, https:\/\/accompagner.be\/wp-content\/uploads\/Agenda-Activites-Vols2026.png 1111w\" sizes=\"(max-width: 792px) 100vw, 792px\" \/><\/a><\/figure>\n\n\n\n<p>.<\/p>\n\n\n\n<p><\/p>\n\n\n\n<p>.<\/p>\n\n\n\n<h4><strong>Ontdek onze verschillende diensten<\/strong><\/h4>\n\n\n\n<p><\/p>\n\n\n\n<figure class=\"wp-block-image size-large is-resized\"><a href=\"https:\/\/www.youtube.com\/watch?v=b-Gd-XftGfI\" target=\"_blank\" rel=\"noopener\"><img loading=\"lazy\" src=\"https:\/\/accompagner.be\/wp-content\/uploads\/\/Accompagner-Pas-1024x722.png\" alt=\"\" class=\"wp-image-13681\" width=\"848\" height=\"599\" srcset=\"https:\/\/accompagner.be\/wp-content\/uploads\/Accompagner-Pas-1024x722.png 1024w, https:\/\/accompagner.be\/wp-content\/uploads\/Accompagner-Pas-300x212.png 300w, https:\/\/accompagner.be\/wp-content\/uploads\/Accompagner-Pas-768x541.png 768w, https:\/\/accompagner.be\/wp-content\/uploads\/Accompagner-Pas-1536x1083.png 1536w, https:\/\/accompagner.be\/wp-content\/uploads\/Accompagner-Pas.png 2000w\" sizes=\"(max-width: 848px) 100vw, 848px\" \/><\/a><\/figure>\n<\/div>\n\n\n\n<div class=\"wp-block-column\">\n<figure class=\"wp-block-image size-large is-resized\"><a href=\"\/\/accompagner.be\/wp-content\/uploads\/RAPPORT-ANNUEL-2025-ACCOMPAGNER_BE.pdf]]--&gt;\" target=\"_blank\" rel=\"noopener\"><img loading=\"lazy\" src=\"https:\/\/accompagner.be\/wp-content\/uploads\/\/Rapport-Annuel-Site-Internet-1024x722.png\" alt=\"Accompagner\" class=\"wp-image-13659\" width=\"594\" height=\"396\"\/><\/a><\/figure>\n\n\n\n<p><\/p>\n\n\n\n<p>.<\/p>\n\n\n\n<div class=\"wp-block-advgb-button alignnone\"><a class=\"wp-block-advgb-button_link advgbbtn-0c7ec0fe-3ec7-4941-a28c-0581a45b8829\" href=\"https:\/\/&quot;accompagner.be\/wp-content\/uploads\/Accompagner_Lettre_Info-67-FR.pdf&quot;\" target=\"_blank\" rel=\"noopener noreferrer\"><strong>Lees onze nieuwsbrief nr. 67<\/strong><\/a><\/div>\n\n\n\n<p>.<\/p>\n\n\n\n<div class=\"wp-block-advgb-button alignnone\"><a class=\"wp-block-advgb-button_link advgbbtn-c9bd80bd-4175-41fd-89c6-2706f1c56f3f\" href=\"#\" target=\"_blank\" rel=\"noopener noreferrer\">We organiseren workshops voor onze gebruikers:<br\/>&#8211; <strong>Bons Plans<\/strong>, met steun van de F\u00e9d\u00e9ration des Services<br\/>Sociaux. Deze workshops behandelen verschillende kwesties met betrekking tot<br\/>huisvesting (elektriciteit, water, vocht, enz.) <br\/><strong><br\/> <\/strong>    &#8211; <strong>Digitale koffiebar<\/strong>. Deze workshops proberen<br\/>computerprogramma&#8217;s (apps, digitale agenda&#8217;s, e-mail,<br\/>Google zoeken, enz.)<strong><br\/><\/strong><br\/>Pour participer \u00e0 ces ateliers, il faut s&#8217;inscrire en t\u00e9l\u00e9phonant au <br\/><strong>02\/580.20.30<\/strong><\/a><\/div>\n\n\n\n<p>.<\/p>\n\n\n\n<h4><strong><a href=\"https:\/\/accompagner.be\/nl\/sociale-dienst-2\/\" target=\"_blank\" rel=\"noreferrer noopener\">Openingstijden van de sociale dienst<\/a><\/strong><\/h4>\n\n\n\n<figure class=\"wp-block-image size-large is-resized\"><a href=\"https:\/\/accompagner.be\/nl\/sociale-dienst-2\/\" target=\"_blank\" rel=\"noopener\"><img loading=\"lazy\" src=\"https:\/\/accompagner.be\/wp-content\/uploads\/Horaires-SASO-2025.png\" alt=\"\" class=\"wp-image-13304\" width=\"626\" height=\"465\" srcset=\"https:\/\/accompagner.be\/wp-content\/uploads\/Horaires-SASO-2025.png 876w, https:\/\/accompagner.be\/wp-content\/uploads\/Horaires-SASO-2025-300x223.png 300w, https:\/\/accompagner.be\/wp-content\/uploads\/Horaires-SASO-2025-768x571.png 768w\" sizes=\"(max-width: 626px) 100vw, 626px\" \/><\/a><\/figure>\n\n\n\n<p><\/p>\n\n\n\n<p>.<\/p>\n\n\n\n<h4><strong><a href=\"https:\/\/accompagner.be\/wp-content\/uploads\/Recrutement-VOL.png\" target=\"_blank\" rel=\"noreferrer noopener\">Nous recrutons des nouveaux b\u00e9n\u00e9voles<\/a><\/strong><\/h4>\n\n\n\n<figure class=\"wp-block-image size-large\"><a href=\"https:\/\/accompagner.be\/wp-content\/uploads\/Recherche-Volontaires-1.mp4\" target=\"_blank\" rel=\"noopener\"><img loading=\"lazy\" width=\"474\" height=\"676\" src=\"https:\/\/accompagner.be\/wp-content\/uploads\/Recherche-Benevoles.png\" alt=\"\" class=\"wp-image-13673\" srcset=\"https:\/\/accompagner.be\/wp-content\/uploads\/Recherche-Benevoles.png 474w, https:\/\/accompagner.be\/wp-content\/uploads\/Recherche-Benevoles-210x300.png 210w\" sizes=\"(max-width: 474px) 100vw, 474px\" \/><\/a><\/figure>\n\n\n\n<p>.<\/p>\n<\/div>\n<\/div>\n<\/div>\n\n\n\n<p><\/p>\n<style class=\"advgb-styles-renderer\">.advgbbtn-0c7ec0fe-3ec7-4941-a28c-0581a45b8829{font-size:21px;color: !important;background-color:#fcb900 !important;margin:0px 0px 0px 0px !important;padding:10px 30px 10px 30px;border-width:1px !important;border-color: !important;border-style:none;border-radius:50px !important;}.advgbbtn-0c7ec0fe-3ec7-4941-a28c-0581a45b8829:hover{color: !important;background-color: !important;box-shadow:1px 1px 12px 0px #ccc;opacity:1;transition:all 0.2s ease;}.advgbbtn-c9bd80bd-4175-41fd-89c6-2706f1c56f3f{font-size:18px;color: !important;background-color:#4486af !important;margin:0px 0px 0px 0px !important;padding:10px 30px 10px 30px;border-width:1px !important;border-color: !important;border-style:none;border-radius:50px !important;}.advgbbtn-c9bd80bd-4175-41fd-89c6-2706f1c56f3f:hover{color: !important;background-color: !important;box-shadow:1px 1px 12px 0px #ccc;opacity:1;transition:all 0.2s ease;}<\/style>","protected":false},"excerpt":{"rendered":"","protected":false},"author":8,"featured_media":0,"parent":0,"menu_order":0,"comment_status":"closed","ping_status":"closed","template":"templates\/front_1.php","meta":{"advgb_blocks_editor_width":"","advgb_blocks_columns_visual_guide":""},"yoast_head":"<!-- This site is optimized with the Yoast SEO plugin v16.3 - https:\/\/yoast.com\/wordpress\/plugins\/seo\/ -->\n<title>Home - Les Amis d\u2019Accompagner<\/title>\n<meta name=\"description\" content=\"De vzw Les Amis d&#039;Accompagner is een dienst voor eerstelijns sociaal-juridische begeleiding en ambulante ondersteuning.\" \/>\n<meta name=\"robots\" content=\"index, follow, max-snippet:-1, max-image-preview:large, max-video-preview:-1\" \/>\n<link rel=\"canonical\" href=\"https:\/\/accompagner.be\/nl\/\" \/>\n<meta property=\"og:locale\" content=\"nl_NL\" \/>\n<meta property=\"og:type\" content=\"article\" \/>\n<meta property=\"og:title\" content=\"Home - Les Amis d\u2019Accompagner\" \/>\n<meta property=\"og:description\" content=\"De vzw Les Amis d&#039;Accompagner is een dienst voor eerstelijns sociaal-juridische begeleiding en ambulante ondersteuning.\" \/>\n<meta property=\"og:url\" content=\"https:\/\/accompagner.be\/nl\/\" \/>\n<meta property=\"og:site_name\" content=\"Les Amis d\u2019Accompagner\" \/>\n<meta property=\"article:modified_time\" content=\"2026-03-30T09:35:58+00:00\" \/>\n<meta property=\"og:image\" content=\"https:\/\/accompagner.be\/wp-content\/uploads\/\/Agenda-Activites-Vols2026-300x165.png\" \/>\n<meta name=\"twitter:card\" content=\"summary_large_image\" \/>\n<meta name=\"twitter:label1\" content=\"Est. reading time\">\n\t<meta name=\"twitter:data1\" content=\"3 minutes\">\n<script type=\"application\/ld+json\" class=\"yoast-schema-graph\">{\"@context\":\"https:\/\/schema.org\",\"@graph\":[{\"@type\":\"WebSite\",\"@id\":\"https:\/\/accompagner.be\/fr\/#website\",\"url\":\"https:\/\/accompagner.be\/fr\/\",\"name\":\"Les Amis d\\u2019Accompagner\",\"description\":\"Samen stap voor stap\",\"potentialAction\":[{\"@type\":\"SearchAction\",\"target\":\"https:\/\/accompagner.be\/fr\/?s={search_term_string}\",\"query-input\":\"required name=search_term_string\"}],\"inLanguage\":\"nl-NL\"},{\"@type\":\"ImageObject\",\"@id\":\"https:\/\/accompagner.be\/nl\/#primaryimage\",\"inLanguage\":\"nl-NL\",\"url\":\"https:\/\/accompagner.be\/wp-content\/uploads\/\/Agenda-Activites-Vols2026-300x165.png\",\"contentUrl\":\"https:\/\/accompagner.be\/wp-content\/uploads\/\/Agenda-Activites-Vols2026-300x165.png\"},{\"@type\":\"WebPage\",\"@id\":\"https:\/\/accompagner.be\/nl\/#webpage\",\"url\":\"https:\/\/accompagner.be\/nl\/\",\"name\":\"Home - Les Amis d\\u2019Accompagner\",\"isPartOf\":{\"@id\":\"https:\/\/accompagner.be\/fr\/#website\"},\"primaryImageOfPage\":{\"@id\":\"https:\/\/accompagner.be\/nl\/#primaryimage\"},\"datePublished\":\"2019-05-24T22:46:28+00:00\",\"dateModified\":\"2026-03-30T09:35:58+00:00\",\"description\":\"De vzw Les Amis d'Accompagner is een dienst voor eerstelijns sociaal-juridische begeleiding en ambulante ondersteuning.\",\"breadcrumb\":{\"@id\":\"https:\/\/accompagner.be\/nl\/#breadcrumb\"},\"inLanguage\":\"nl-NL\",\"potentialAction\":[{\"@type\":\"ReadAction\",\"target\":[\"https:\/\/accompagner.be\/nl\/\"]}]},{\"@type\":\"BreadcrumbList\",\"@id\":\"https:\/\/accompagner.be\/nl\/#breadcrumb\",\"itemListElement\":[{\"@type\":\"ListItem\",\"position\":1,\"item\":{\"@type\":\"WebPage\",\"@id\":\"https:\/\/accompagner.be\/nl\/\",\"url\":\"https:\/\/accompagner.be\/nl\/\",\"name\":\"Accueil\"}},{\"@type\":\"ListItem\",\"position\":2,\"item\":{\"@id\":\"https:\/\/accompagner.be\/nl\/#webpage\"}}]}]}<\/script>\n<!-- \/ Yoast SEO plugin. -->","coauthors":[],"author_meta":{"author_link":"https:\/\/accompagner.be\/nl\/author\/phd2019\/","display_name":"PhD2019"},"relative_dates":{"created":"Posted 7 years ago","modified":"Updated 3 weeks ago"},"featured_img_caption":"","_links":{"self":[{"href":"https:\/\/accompagner.be\/nl\/wp-json\/wp\/v2\/pages\/3349"}],"collection":[{"href":"https:\/\/accompagner.be\/nl\/wp-json\/wp\/v2\/pages"}],"about":[{"href":"https:\/\/accompagner.be\/nl\/wp-json\/wp\/v2\/types\/page"}],"author":[{"embeddable":true,"href":"https:\/\/accompagner.be\/nl\/wp-json\/wp\/v2\/users\/8"}],"replies":[{"embeddable":true,"href":"https:\/\/accompagner.be\/nl\/wp-json\/wp\/v2\/comments?post=3349"}],"version-history":[{"count":46,"href":"https:\/\/accompagner.be\/nl\/wp-json\/wp\/v2\/pages\/3349\/revisions"}],"predecessor-version":[{"id":13721,"href":"https:\/\/accompagner.be\/nl\/wp-json\/wp\/v2\/pages\/3349\/revisions\/13721"}],"wp:attachment":[{"href":"https:\/\/accompagner.be\/nl\/wp-json\/wp\/v2\/media?parent=3349"}],"curies":[{"name":"wp","href":"https:\/\/api.w.org\/{rel}","templated":true}]}}