{"id":4543,"date":"2019-07-24T22:54:04","date_gmt":"2019-07-24T20:54:04","guid":{"rendered":"https:\/\/www3.accompagner.be\/?page_id=4543"},"modified":"2026-03-12T12:52:45","modified_gmt":"2026-03-12T11:52:45","slug":"prespartenaires","status":"publish","type":"page","link":"https:\/\/accompagner.be\/fr\/prespartenaires\/","title":{"rendered":"Pr\u00e9sentation du service d\u2019accompagnement ambulatoire"},"content":{"rendered":"\n<p>Ce service re\u00e7oit, analyse et traite toutes les demandes d&rsquo;accompagnement re\u00e7ues via notre <a href=\"https:\/\/accompagner.be\/fr\/demander-un-accompagnement\/\" target=\"_blank\" rel=\"noreferrer noopener\">formulaire de demande d&rsquo;accompagnement<\/a>. Nous collaborons uniquement avec les institutions (priv\u00e9es ou publiques) et n&rsquo;entrons en contact avec les usagers exclusivement lors de l&rsquo;accompagnement de terrain. Ci-dessous, voici le parcours d&rsquo;un accompagnement de terrain :<\/p>\n\n\n\n<figure class=\"wp-block-image size-large is-resized\"><a href=\"https:\/\/accompagner.be\/wp-content\/uploads\/SAA_FR_2025.pdf\" target=\"_blank\" rel=\"noopener\"><img loading=\"lazy\" src=\"https:\/\/accompagner.be\/wp-content\/uploads\/Parcours-Accompagnement-Terrain-1024x576.png\" alt=\"\" class=\"wp-image-13216\" width=\"1024\" height=\"576\" srcset=\"https:\/\/accompagner.be\/wp-content\/uploads\/Parcours-Accompagnement-Terrain-1024x576.png 1024w, https:\/\/accompagner.be\/wp-content\/uploads\/Parcours-Accompagnement-Terrain-300x169.png 300w, https:\/\/accompagner.be\/wp-content\/uploads\/Parcours-Accompagnement-Terrain-768x432.png 768w, https:\/\/accompagner.be\/wp-content\/uploads\/Parcours-Accompagnement-Terrain-1536x864.png 1536w, https:\/\/accompagner.be\/wp-content\/uploads\/Parcours-Accompagnement-Terrain.png 1920w\" sizes=\"(max-width: 1024px) 100vw, 1024px\" \/><\/a><\/figure>\n\n\n\n<p>.<\/p>\n\n\n\n<p>Pour conna\u00eetre et mieux comprendre notre fonctionnement, veuillez consulter les documents qui ratifient notre collaboration :<\/p>\n\n\n\n<ul><li><a href=\"https:\/\/accompagner.be\/wp-content\/uploads\/Conditions-Generales-Collaboration_Accompagner.pdf\" target=\"_blank\" rel=\"noreferrer noopener\">Conditions g\u00e9n\u00e9rales de collaboration<\/a><\/li><\/ul>\n\n\n\n<ul><li><a href=\"https:\/\/accompagner.be\/wp-content\/uploads\/Clauses-de-sous-traitance.pdf\" target=\"_blank\" rel=\"noreferrer noopener\">Clause de sous traitance, RGPD<\/a><\/li><\/ul>\n\n\n\n<p><span style=\"color:#ffffff\" class=\"color\">.<\/span><\/p>\n\n\n\n<p>Visionnez une pr\u00e9sentation plus large de notre<a href=\"https:\/\/accompagner.be\/fr\/partenaires\/\" target=\"_blank\" rel=\"noreferrer noopener\"> Service d&rsquo;Accompagnement Ambulatoire, SAA<\/a><a href=\"http:\/\/www.accompagner.be\/wp-content\/uploads\/SAA_FR_2025.pdf\" target=\"_blank\" rel=\"noreferrer noopener\">.<\/a><\/p>\n\n\n\n<p><span style=\"color:#ffffff\" class=\"color\">.<\/span><\/p>\n\n\n\n<p>Nos coordonn\u00e9es :<\/p>\n\n\n\n<figure class=\"wp-block-image size-large is-resized is-style-default\"><a href=\"https:\/\/accompagner.be\/fr\/partenaires\/\" target=\"_blank\" rel=\"noopener\"><img loading=\"lazy\" src=\"https:\/\/accompagner.be\/wp-content\/uploads\/SAA-2-1024x1024.png\" alt=\"\" class=\"wp-image-10862\" width=\"647\" height=\"652\"\/><\/a><\/figure>\n\n\n\n<p>.<\/p>\n\n\n\n<h4><strong>L&rsquo;accompagnement de terrain<\/strong><\/h4>\n\n\n\n<div class=\"wp-block-columns\">\n<div class=\"wp-block-column\" style=\"flex-basis:100%\">\n<div class=\"wp-block-media-text alignwide is-stacked-on-mobile\" style=\"grid-template-columns:30% auto\"><figure class=\"wp-block-media-text__media\"><video controls src=\"https:\/\/accompagner.be\/wp-content\/uploads\/25_Amis_SAA.mp4\"><\/video><\/figure><div class=\"wp-block-media-text__content\">\n<p class=\"has-large-font-size\"><\/p>\n<\/div><\/div>\n<\/div>\n<\/div>\n\n\n\n<p><\/p>\n","protected":false},"excerpt":{"rendered":"<p>Ce service re\u00e7oit, analyse et traite toutes les demandes d&rsquo;accompagnement re\u00e7ues via notre formulaire de demande d&rsquo;accompagnement. Nous collaborons uniquement avec les institutions (priv\u00e9es ou publiques) et n&rsquo;entrons en contact avec les usagers exclusivement lors de l&rsquo;accompagnement de terrain. Ci-dessous, voici le parcours d&rsquo;un accompagnement de terrain : . Pour conna\u00eetre et mieux comprendre notre [&hellip;]<\/p>\n","protected":false},"author":8,"featured_media":0,"parent":0,"menu_order":0,"comment_status":"closed","ping_status":"closed","template":"","meta":{"advgb_blocks_editor_width":"","advgb_blocks_columns_visual_guide":""},"yoast_head":"<!-- This site is optimized with the Yoast SEO plugin v16.3 - https:\/\/yoast.com\/wordpress\/plugins\/seo\/ -->\n<title>Pr\u00e9sentation du service d\u2019accompagnement ambulatoire - Les Amis d\u2019Accompagner<\/title>\n<meta name=\"robots\" content=\"index, follow, max-snippet:-1, max-image-preview:large, max-video-preview:-1\" \/>\n<link rel=\"canonical\" href=\"https:\/\/accompagner.be\/fr\/prespartenaires\/\" \/>\n<meta property=\"og:locale\" content=\"fr_FR\" \/>\n<meta property=\"og:type\" content=\"article\" \/>\n<meta property=\"og:title\" content=\"Pr\u00e9sentation du service d\u2019accompagnement ambulatoire - Les Amis d\u2019Accompagner\" \/>\n<meta property=\"og:description\" content=\"Ce service re\u00e7oit, analyse et traite toutes les demandes d&rsquo;accompagnement re\u00e7ues via notre formulaire de demande d&rsquo;accompagnement. Nous collaborons uniquement avec les institutions (priv\u00e9es ou publiques) et n&rsquo;entrons en contact avec les usagers exclusivement lors de l&rsquo;accompagnement de terrain. Ci-dessous, voici le parcours d&rsquo;un accompagnement de terrain : . Pour conna\u00eetre et mieux comprendre notre [&hellip;]\" \/>\n<meta property=\"og:url\" content=\"https:\/\/accompagner.be\/fr\/prespartenaires\/\" \/>\n<meta property=\"og:site_name\" content=\"Les Amis d\u2019Accompagner\" \/>\n<meta property=\"article:modified_time\" content=\"2026-03-12T11:52:45+00:00\" \/>\n<meta property=\"og:image\" content=\"https:\/\/accompagner.be\/wp-content\/uploads\/Parcours-Accompagnement-Terrain-1024x576.png\" \/>\n<meta name=\"twitter:card\" content=\"summary_large_image\" \/>\n<meta name=\"twitter:label1\" content=\"Dur\u00e9e de lecture est.\">\n\t<meta name=\"twitter:data1\" content=\"1 minute\">\n<script type=\"application\/ld+json\" class=\"yoast-schema-graph\">{\"@context\":\"https:\/\/schema.org\",\"@graph\":[{\"@type\":\"WebSite\",\"@id\":\"https:\/\/accompagner.be\/fr\/#website\",\"url\":\"https:\/\/accompagner.be\/fr\/\",\"name\":\"Les Amis d\\u2019Accompagner\",\"description\":\"Ensemble, pas \\u00e0 pas!\",\"potentialAction\":[{\"@type\":\"SearchAction\",\"target\":\"https:\/\/accompagner.be\/fr\/?s={search_term_string}\",\"query-input\":\"required name=search_term_string\"}],\"inLanguage\":\"fr-FR\"},{\"@type\":\"ImageObject\",\"@id\":\"https:\/\/accompagner.be\/fr\/prespartenaires\/#primaryimage\",\"inLanguage\":\"fr-FR\",\"url\":\"https:\/\/accompagner.be\/wp-content\/uploads\/Parcours-Accompagnement-Terrain.png\",\"contentUrl\":\"https:\/\/accompagner.be\/wp-content\/uploads\/Parcours-Accompagnement-Terrain.png\",\"width\":1920,\"height\":1080},{\"@type\":\"WebPage\",\"@id\":\"https:\/\/accompagner.be\/fr\/prespartenaires\/#webpage\",\"url\":\"https:\/\/accompagner.be\/fr\/prespartenaires\/\",\"name\":\"Pr\\u00e9sentation du service d\\u2019accompagnement ambulatoire - Les Amis d\\u2019Accompagner\",\"isPartOf\":{\"@id\":\"https:\/\/accompagner.be\/fr\/#website\"},\"primaryImageOfPage\":{\"@id\":\"https:\/\/accompagner.be\/fr\/prespartenaires\/#primaryimage\"},\"datePublished\":\"2019-07-24T20:54:04+00:00\",\"dateModified\":\"2026-03-12T11:52:45+00:00\",\"breadcrumb\":{\"@id\":\"https:\/\/accompagner.be\/fr\/prespartenaires\/#breadcrumb\"},\"inLanguage\":\"fr-FR\",\"potentialAction\":[{\"@type\":\"ReadAction\",\"target\":[\"https:\/\/accompagner.be\/fr\/prespartenaires\/\"]}]},{\"@type\":\"BreadcrumbList\",\"@id\":\"https:\/\/accompagner.be\/fr\/prespartenaires\/#breadcrumb\",\"itemListElement\":[{\"@type\":\"ListItem\",\"position\":1,\"item\":{\"@type\":\"WebPage\",\"@id\":\"https:\/\/accompagner.be\/fr\/\",\"url\":\"https:\/\/accompagner.be\/fr\/\",\"name\":\"Accueil\"}},{\"@type\":\"ListItem\",\"position\":2,\"item\":{\"@id\":\"https:\/\/accompagner.be\/fr\/prespartenaires\/#webpage\"}}]}]}<\/script>\n<!-- \/ Yoast SEO plugin. -->","coauthors":[],"author_meta":{"author_link":"https:\/\/accompagner.be\/fr\/author\/phd2019\/","display_name":"PhD2019"},"relative_dates":{"created":"Posted 7 ans ago","modified":"Updated 1 mois ago"},"featured_img_caption":"","_links":{"self":[{"href":"https:\/\/accompagner.be\/fr\/wp-json\/wp\/v2\/pages\/4543"}],"collection":[{"href":"https:\/\/accompagner.be\/fr\/wp-json\/wp\/v2\/pages"}],"about":[{"href":"https:\/\/accompagner.be\/fr\/wp-json\/wp\/v2\/types\/page"}],"author":[{"embeddable":true,"href":"https:\/\/accompagner.be\/fr\/wp-json\/wp\/v2\/users\/8"}],"replies":[{"embeddable":true,"href":"https:\/\/accompagner.be\/fr\/wp-json\/wp\/v2\/comments?post=4543"}],"version-history":[{"count":4,"href":"https:\/\/accompagner.be\/fr\/wp-json\/wp\/v2\/pages\/4543\/revisions"}],"predecessor-version":[{"id":13647,"href":"https:\/\/accompagner.be\/fr\/wp-json\/wp\/v2\/pages\/4543\/revisions\/13647"}],"wp:attachment":[{"href":"https:\/\/accompagner.be\/fr\/wp-json\/wp\/v2\/media?parent=4543"}],"curies":[{"name":"wp","href":"https:\/\/api.w.org\/{rel}","templated":true}]}}