{"id":4275,"date":"2019-07-10T00:07:33","date_gmt":"2019-07-09T22:07:33","guid":{"rendered":"https:\/\/www3.accompagner.be\/?page_id=4275"},"modified":"2020-07-10T13:08:47","modified_gmt":"2020-07-10T11:08:47","slug":"videos","status":"publish","type":"page","link":"https:\/\/accompagner.be\/fr\/videos\/","title":{"rendered":"Vid\u00e9os"},"content":{"rendered":"\n\t\t<!-- MasterSlider -->\n\t\t<div id=\"P_MS5d9f7af5daaed\" class=\"master-slider-parent ms-parent-id-21\" style=\"max-width:1110px;\"  >\n\n\t\t\t\n\t\t\t<!-- MasterSlider Main -->\n\t\t\t<div id=\"MS5d9f7af5daaed\" class=\"master-slider ms-skin-default\" >\n\t\t\t\t \t\t\t\t \n\t\t\t<div  class=\"ms-slide\" data-delay=\"3\" data-fill-mode=\"fill\"   >\n\n\t\t\t\t\t<div  class=\"ms-layer\" style=\"\"      data-ease=\"easeOutQuint\"                data-offset-x=\"0\" data-offset-y=\"0\" data-origin=\"mc\" data-position=\"normal\"  >\n<span style=\"color: #2d88d2; font-family: arial, helvetica, sans-serif; font-size: 2.5em;\">D\u00e9couvrez notre Action!<\/span><\/div>\n\n\n\t\t\t\t<\/div>\n\t\t\t<div  class=\"ms-slide\" data-delay=\"300\" data-fill-mode=\"fill\"   >\n\t\t\t\t\t<img src=\"https:\/\/accompagner.be\/wp-content\/plugins\/masterslider\/public\/assets\/css\/blank.gif\" alt=\"\" title=\"videos_choix\" data-src=\"https:\/\/accompagner.be\/wp-content\/uploads\/2019\/07\/grille-video-sans-titres.png\" \/>\n\n\t\t\t\t\t<div  class=\"ms-layer centpct\" style=\"width:100px;\"      data-ease=\"easeOutQuint\"                data-offset-x=\"875\" data-offset-y=\"495\" data-origin=\"tl\" data-position=\"normal\"  >\n    <a class=\"wp-colorbox-youtube\" href=\"https:\/\/www.youtube.com\/embed\/gq0lpata9-c?autoplay=1\"><img src=\"https:\/\/accompagner.be\/wp-content\/uploads\/2019\/07\/youtube-play-button-png-21.png\"><\/a><\/div>\n\n\t\t\t\t\t<div  class=\"ms-layer centpct\" style=\"width:100px;\"      data-ease=\"easeOutQuint\"                data-offset-x=\"505\" data-offset-y=\"495\" data-origin=\"tl\" data-position=\"normal\"  >\n    <a class=\"wp-colorbox-youtube\" href=\"https:\/\/www.youtube.com\/embed\/uIS-Gh1bMAo?autoplay=1\"><img src=\"https:\/\/accompagner.be\/wp-content\/uploads\/2019\/07\/youtube-play-button-png-21.png\"><\/a><\/div>\n\n\t\t\t\t\t<div  class=\"ms-layer centpct\" style=\"width:100px;\"      data-ease=\"easeOutQuint\"                data-offset-x=\"135\" data-offset-y=\"495\" data-origin=\"tl\" data-position=\"normal\"  >\n    <a class=\"wp-colorbox-youtube\" href=\"https:\/\/www.youtube.com\/embed\/yBcfKsCSSuw?autoplay=1\"><img src=\"https:\/\/accompagner.be\/wp-content\/uploads\/2019\/07\/youtube-play-button-png-21.png\"><\/a><\/div>\n\n\t\t\t\t\t<div  class=\"ms-layer centpct\" style=\"width:100px;\"      data-ease=\"easeOutQuint\"                data-offset-x=\"875\" data-offset-y=\"275\" data-origin=\"tl\" data-position=\"normal\"  >\n    <a class=\"wp-colorbox-youtube\" href=\"https:\/\/www.youtube.com\/embed\/NdWASBFEdaY?autoplay=1\"><img src=\"https:\/\/accompagner.be\/wp-content\/uploads\/2019\/07\/youtube-play-button-png-21.png\"><\/a><\/div>\n\n\t\t\t\t\t<div  class=\"ms-layer centpct\" style=\"width:100px;\"      data-ease=\"easeOutQuint\"                data-offset-x=\"135\" data-offset-y=\"275\" data-origin=\"tl\" data-position=\"normal\"  >\n    <a class=\"wp-colorbox-youtube\" href=\"https:\/\/www.youtube.com\/embed\/Iw5wAumkKLs?autoplay=1\"><img src=\"https:\/\/accompagner.be\/wp-content\/uploads\/2019\/07\/youtube-play-button-png-21.png\"><\/a><\/div>\n\n\t\t\t\t\t<div  class=\"ms-layer centpct\" style=\"width:100px;\"      data-ease=\"easeOutQuint\"                data-offset-x=\"875\" data-offset-y=\"65\" data-origin=\"tl\" data-position=\"normal\"  >\n    <a class=\"wp-colorbox-youtube\" href=\"https:\/\/www.youtube.com\/embed\/FL27Jwc_5Z4?autoplay=1\"><img src=\"https:\/\/accompagner.be\/wp-content\/uploads\/2019\/07\/youtube-play-button-png-21.png\"><\/a><\/div>\n\n\t\t\t\t\t<div  class=\"ms-layer centpct\" style=\"width:100px;\"      data-ease=\"easeOutQuint\"                data-offset-x=\"505\" data-offset-y=\"65\" data-origin=\"tl\" data-position=\"normal\"  >\n    <a class=\"wp-colorbox-youtube\" href=\"https:\/\/www.youtube.com\/embed\/OE8AYnjaHMU?autoplay=1\"><img src=\"https:\/\/accompagner.be\/wp-content\/uploads\/2019\/07\/youtube-play-button-png-21.png\"><\/a><\/div>\n\n\t\t\t\t\t<div  class=\"ms-layer centpct\" style=\"width:100px;\"      data-ease=\"easeOutQuint\"                data-offset-x=\"135\" data-offset-y=\"65\" data-origin=\"tl\" data-position=\"normal\"  >\n    <a class=\"wp-colorbox-youtube\" href=\"https:\/\/www.youtube.com\/embed\/w1rFDUqOEjY?autoplay=1\"><img src=\"https:\/\/accompagner.be\/wp-content\/uploads\/2019\/07\/youtube-play-button-png-21.png\"><\/a><\/div>\n\n\t\t\t\t\t<div  class=\"ms-layer  msp-cn-17-24\" style=\"width:239px;\"      data-ease=\"easeOutQuint\"                data-offset-x=\"-7\" data-offset-y=\"-37\" data-origin=\"mc\" data-position=\"normal\"  >\n<span style=\"color: #2d88d2; font-family: arial, helvetica, sans-serif; font-size: 2.5em;\">Choisissez un th\u00e8me<\/span><\/div>\n\n\t\t\t\t\t<div  class=\"ms-layer\" style=\"width:150px;\"      data-ease=\"easeOutQuint\"                data-offset-x=\"42\" data-offset-y=\"31\" data-origin=\"mc\" data-position=\"normal\"  >\n<span style=\"color: #2d88d2; font-family: arial, helvetica, sans-serif; font-size: 1em;\">Vid\u00e9os r\u00e9alis\u00e9es avec le soutien de<\/span><\/div>\n\n\t\t\t\t\t<img  class=\"ms-layer\" src=\"https:\/\/accompagner.be\/wp-content\/plugins\/masterslider\/public\/assets\/css\/blank.gif\" data-src=\"https:\/\/accompagner.be\/wp-content\/uploads\/2019\/07\/Logo_francophones_bruxelles.png\" alt=\"\" style=\"width:100px;\"     data-ease=\"easeOutQuint\"        data-type=\"image\"          data-offset-x=\"118\" data-offset-y=\"63\" data-origin=\"mc\" data-position=\"normal\" \/>\n\n\n\t\t\t\t<\/div>\n\n\t\t\t<\/div>\n\t\t\t<!-- END MasterSlider Main -->\n\n\t\t\t \n\t\t<\/div>\n\t\t<!-- END MasterSlider -->\n\n\t\t<script>\n\t\t( window.MSReady = window.MSReady || [] ).push( function( $ ) {\n\n\t\t\t\"use strict\";\n\t\t\tvar masterslider_aaed = new MasterSlider();\n\n\t\t\t\/\/ slider controls\n\t\t\t\/\/ slider setup\n\t\t\tmasterslider_aaed.setup(\"MS5d9f7af5daaed\", {\n\t\t\t\twidth           : 1110,\n\t\t\t\theight          : 625,\n\t\t\t\tminHeight       : 0,\n\t\t\t\tspace           : 0,\n\t\t\t\tstart           : 1,\n\t\t\t\tgrabCursor      : false,\n\t\t\t\tswipe           : false,\n\t\t\t\tmouse           : false,\n\t\t\t\tkeyboard        : false,\n\t\t\t\tlayout          : \"boxed\",\n\t\t\t\twheel           : false,\n\t\t\t\tautoplay        : true,\n                instantStartLayers:false,\n\t\t\t\tmobileBGVideo:false,\n\t\t\t\tloop            : true,\n\t\t\t\tshuffle         : false,\n\t\t\t\tpreload         : 0,\n\t\t\t\theightLimit     : true,\n\t\t\t\tautoHeight      : false,\n\t\t\t\tsmoothHeight    : true,\n\t\t\t\tendPause        : false,\n\t\t\t\toverPause       : false,\n\t\t\t\tfillMode        : \"fill\",\n\t\t\t\tcenterControls  : true,\n\t\t\t\tstartOnAppear   : false,\n\t\t\t\tlayersMode      : \"center\",\n\t\t\t\tautofillTarget  : \"\",\n\t\t\t\thideLayers      : false,\n\t\t\t\tfullscreenMargin: 0,\n\t\t\t\tspeed           : 20,\n\t\t\t\tdir             : \"h\",\n\t\t\t\tparallaxMode    : 'swipe',\n\t\t\t\tview            : \"fade\"\n\t\t\t});\n\n\t\t\t\t\t\tmasterslider_aaed.api.addEventListener(MSSliderEvent.VIDEO_CLOSE, function(event){\n  var api = event.target;\n  api.gotoSlide(0);\n} );\n\n\t\t\twindow.masterslider_instances = window.masterslider_instances || [];\n\t\t\twindow.masterslider_instances.push( masterslider_aaed );\n\t\t});\n\t\t<\/script>\n\n\n","protected":false},"excerpt":{"rendered":"","protected":false},"author":8,"featured_media":0,"parent":0,"menu_order":0,"comment_status":"closed","ping_status":"closed","template":"","meta":{"advgb_blocks_editor_width":"","advgb_blocks_columns_visual_guide":""},"yoast_head":"<!-- This site is optimized with the Yoast SEO plugin v16.3 - https:\/\/yoast.com\/wordpress\/plugins\/seo\/ -->\n<title>Vid\u00e9os - Les Amis d\u2019Accompagner<\/title>\n<meta name=\"robots\" content=\"index, follow, max-snippet:-1, max-image-preview:large, max-video-preview:-1\" \/>\n<link rel=\"canonical\" href=\"https:\/\/accompagner.be\/fr\/videos\/\" \/>\n<meta property=\"og:locale\" content=\"fr_FR\" \/>\n<meta property=\"og:type\" content=\"article\" \/>\n<meta property=\"og:title\" content=\"Vid\u00e9os - Les Amis d\u2019Accompagner\" \/>\n<meta property=\"og:url\" content=\"https:\/\/accompagner.be\/fr\/videos\/\" \/>\n<meta property=\"og:site_name\" content=\"Les Amis d\u2019Accompagner\" \/>\n<meta property=\"article:modified_time\" content=\"2020-07-10T11:08:47+00:00\" \/>\n<meta name=\"twitter:card\" content=\"summary_large_image\" \/>\n<script type=\"application\/ld+json\" class=\"yoast-schema-graph\">{\"@context\":\"https:\/\/schema.org\",\"@graph\":[{\"@type\":\"WebSite\",\"@id\":\"https:\/\/accompagner.be\/fr\/#website\",\"url\":\"https:\/\/accompagner.be\/fr\/\",\"name\":\"Les Amis d\\u2019Accompagner\",\"description\":\"Ensemble, pas \\u00e0 pas!\",\"potentialAction\":[{\"@type\":\"SearchAction\",\"target\":\"https:\/\/accompagner.be\/fr\/?s={search_term_string}\",\"query-input\":\"required name=search_term_string\"}],\"inLanguage\":\"fr-FR\"},{\"@type\":\"WebPage\",\"@id\":\"https:\/\/accompagner.be\/fr\/videos\/#webpage\",\"url\":\"https:\/\/accompagner.be\/fr\/videos\/\",\"name\":\"Vid\\u00e9os - Les Amis d\\u2019Accompagner\",\"isPartOf\":{\"@id\":\"https:\/\/accompagner.be\/fr\/#website\"},\"datePublished\":\"2019-07-09T22:07:33+00:00\",\"dateModified\":\"2020-07-10T11:08:47+00:00\",\"breadcrumb\":{\"@id\":\"https:\/\/accompagner.be\/fr\/videos\/#breadcrumb\"},\"inLanguage\":\"fr-FR\",\"potentialAction\":[{\"@type\":\"ReadAction\",\"target\":[\"https:\/\/accompagner.be\/fr\/videos\/\"]}]},{\"@type\":\"BreadcrumbList\",\"@id\":\"https:\/\/accompagner.be\/fr\/videos\/#breadcrumb\",\"itemListElement\":[{\"@type\":\"ListItem\",\"position\":1,\"item\":{\"@type\":\"WebPage\",\"@id\":\"https:\/\/accompagner.be\/fr\/\",\"url\":\"https:\/\/accompagner.be\/fr\/\",\"name\":\"Accueil\"}},{\"@type\":\"ListItem\",\"position\":2,\"item\":{\"@id\":\"https:\/\/accompagner.be\/fr\/videos\/#webpage\"}}]}]}<\/script>\n<!-- \/ Yoast SEO plugin. -->","coauthors":[],"author_meta":{"author_link":"https:\/\/accompagner.be\/fr\/author\/phd2019\/","display_name":"PhD2019"},"relative_dates":{"created":"Posted 7 ans ago","modified":"Updated 6 ans ago"},"featured_img_caption":"","_links":{"self":[{"href":"https:\/\/accompagner.be\/fr\/wp-json\/wp\/v2\/pages\/4275"}],"collection":[{"href":"https:\/\/accompagner.be\/fr\/wp-json\/wp\/v2\/pages"}],"about":[{"href":"https:\/\/accompagner.be\/fr\/wp-json\/wp\/v2\/types\/page"}],"author":[{"embeddable":true,"href":"https:\/\/accompagner.be\/fr\/wp-json\/wp\/v2\/users\/8"}],"replies":[{"embeddable":true,"href":"https:\/\/accompagner.be\/fr\/wp-json\/wp\/v2\/comments?post=4275"}],"version-history":[{"count":0,"href":"https:\/\/accompagner.be\/fr\/wp-json\/wp\/v2\/pages\/4275\/revisions"}],"wp:attachment":[{"href":"https:\/\/accompagner.be\/fr\/wp-json\/wp\/v2\/media?parent=4275"}],"curies":[{"name":"wp","href":"https:\/\/api.w.org\/{rel}","templated":true}]}}