{"id":3437,"date":"2019-05-29T23:32:02","date_gmt":"2019-05-29T21:32:02","guid":{"rendered":"https:\/\/www3.accompagner.be\/?page_id=3437"},"modified":"2025-09-30T11:34:39","modified_gmt":"2025-09-30T09:34:39","slug":"don","status":"publish","type":"page","link":"https:\/\/accompagner.be\/fr\/don\/","title":{"rendered":"Nous aider financi\u00e8rement"},"content":{"rendered":"\n<div class=\"wp-block-columns has-2-columns\">\n<div class=\"wp-block-column col25pct cadre\">\n<p>Nos comptes contr\u00f4l\u00e9s sont publi\u00e9s en toute transparence sur<\/p>\n\n\n\n<div class=\"wp-block-image\"><figure class=\"aligncenter\"><a href=\"https:\/\/donorinfo.be\/fr\/organization\/les-amis-daccompagner-asbl\"><img src=\"https:\/\/accompagner.be\/wp-content\/uploads\/Donorinfo_FR.png\" alt=\"Donorinfo_FR\"\/><\/a><\/figure><\/div>\n\n\n\n<p>.<\/p>\n\n\n\n<p>\u00ab\u00a0Les Amis d\u2019Accompagner\u00a0\u00bb adh\u00e8re au Code \u00e9thique de l\u2019AERF.<\/p>\n\n\n\n<p>Vous avez un droit \u00e0 l\u2019information sur l\u2019utilisation des fonds r\u00e9colt\u00e9s.<\/p>\n\n\n\n<figure class=\"wp-block-image size-large is-resized\"><a href=\"https:\/\/re-ef.be\/\/fr\/about\" target=\"_blank\" rel=\"noopener noreferrer\"><img loading=\"lazy\" src=\"https:\/\/accompagner.be\/wp-content\/uploads\/AERF.png\" alt=\"\" class=\"wp-image-13368\" width=\"107\" height=\"99\"\/><\/a><\/figure>\n<\/div>\n\n\n\n<div class=\"wp-block-column col75pct\">\n<h3>Dons<\/h3>\n\n\n\n<div>\n<p>Versez votre don au compte <strong>BE25 1142 6095 4582<\/strong> de l&rsquo;a.s.b.l. \u00ab\u00a0Les Amis d&rsquo;Accompagner\u00a0\u00bb &#8211; Rue des braves 21, 1081 Koekelberg avec pour communication \u00ab\u00a0Don pour Accompagner\u00a0\u00bb.<\/p>\n<p>Dans le courant du premier trimestre de l&rsquo;ann\u00e9e prochaine, nous vous enverrons l&rsquo;attestation fiscale pour tout don atteignant <strong>40\u20ac,\u00a0<\/strong>ou plus, sur l&rsquo;ensemble de l&rsquo;ann\u00e9e.<\/p>\n<p><strong>D\u00e9j\u00e0 merci pour votre aide.<\/strong><\/p>\n<\/div>\n\n\n\n<h3><br>Donations et Legs<\/h3>\n\n\n\n<p><span style=\"line-height: 1.538em;\">Pour les montants plus importants et les legs, n&rsquo;h\u00e9sitez pas \u00e0 contacter le P. Guy Leroy \u00e0 l&rsquo;adresse mail : bruxelles.pre@accompagner.be .<\/span><\/p>\n\n\n\n<p>Nous sommes \u00e0 votre disposition pour toute question relative \u00e0 notre fonctionnement, \u00e0 nos besoins financiers, \u00e0 nos comptes, aux dons, aux attestations fiscales, donations, legs.<\/p>\n\n\n\n<p>Vous pouvez \u00e9galement consulter tous nos documents comptables sur la page&nbsp;<a href=\"https:\/\/accompagner.be\/fr\/documents\/\">\u00ab\u00a0Documents\u00a0\u00bb<\/a>&nbsp;.<\/p>\n<\/div>\n<\/div>\n","protected":false},"excerpt":{"rendered":"<p>Nos comptes contr\u00f4l\u00e9s sont publi\u00e9s en toute transparence sur . \u00ab\u00a0Les Amis d\u2019Accompagner\u00a0\u00bb adh\u00e8re au Code \u00e9thique de l\u2019AERF. Vous avez un droit \u00e0 l\u2019information sur l\u2019utilisation des fonds r\u00e9colt\u00e9s. Dons Donations et Legs Pour les montants plus importants et les legs, n&rsquo;h\u00e9sitez pas \u00e0 contacter le P. Guy Leroy \u00e0 l&rsquo;adresse mail : bruxelles.pre@accompagner.be [&hellip;]<\/p>\n","protected":false},"author":8,"featured_media":0,"parent":0,"menu_order":0,"comment_status":"closed","ping_status":"closed","template":"","meta":{"advgb_blocks_editor_width":"","advgb_blocks_columns_visual_guide":""},"yoast_head":"<!-- This site is optimized with the Yoast SEO plugin v16.3 - https:\/\/yoast.com\/wordpress\/plugins\/seo\/ -->\n<title>Nous aider financi\u00e8rement - Les Amis d\u2019Accompagner<\/title>\n<meta name=\"robots\" content=\"index, follow, max-snippet:-1, max-image-preview:large, max-video-preview:-1\" \/>\n<link rel=\"canonical\" href=\"https:\/\/accompagner.be\/fr\/don\/\" \/>\n<meta property=\"og:locale\" content=\"fr_FR\" \/>\n<meta property=\"og:type\" content=\"article\" \/>\n<meta property=\"og:title\" content=\"Nous aider financi\u00e8rement - Les Amis d\u2019Accompagner\" \/>\n<meta property=\"og:description\" content=\"Nos comptes contr\u00f4l\u00e9s sont publi\u00e9s en toute transparence sur . \u00ab\u00a0Les Amis d\u2019Accompagner\u00a0\u00bb adh\u00e8re au Code \u00e9thique de l\u2019AERF. Vous avez un droit \u00e0 l\u2019information sur l\u2019utilisation des fonds r\u00e9colt\u00e9s. Dons Donations et Legs Pour les montants plus importants et les legs, n&rsquo;h\u00e9sitez pas \u00e0 contacter le P. Guy Leroy \u00e0 l&rsquo;adresse mail : bruxelles.pre@accompagner.be [&hellip;]\" \/>\n<meta property=\"og:url\" content=\"https:\/\/accompagner.be\/fr\/don\/\" \/>\n<meta property=\"og:site_name\" content=\"Les Amis d\u2019Accompagner\" \/>\n<meta property=\"article:modified_time\" content=\"2025-09-30T09:34:39+00:00\" \/>\n<meta property=\"og:image\" content=\"https:\/\/accompagner.be\/wp-content\/uploads\/Donorinfo_FR.png\" \/>\n<meta name=\"twitter:card\" content=\"summary_large_image\" \/>\n<meta name=\"twitter:label1\" content=\"Dur\u00e9e de lecture est.\">\n\t<meta name=\"twitter:data1\" content=\"2 minutes\">\n<script type=\"application\/ld+json\" class=\"yoast-schema-graph\">{\"@context\":\"https:\/\/schema.org\",\"@graph\":[{\"@type\":\"WebSite\",\"@id\":\"https:\/\/accompagner.be\/fr\/#website\",\"url\":\"https:\/\/accompagner.be\/fr\/\",\"name\":\"Les Amis d\\u2019Accompagner\",\"description\":\"Ensemble, pas \\u00e0 pas!\",\"potentialAction\":[{\"@type\":\"SearchAction\",\"target\":\"https:\/\/accompagner.be\/fr\/?s={search_term_string}\",\"query-input\":\"required name=search_term_string\"}],\"inLanguage\":\"fr-FR\"},{\"@type\":\"ImageObject\",\"@id\":\"https:\/\/accompagner.be\/fr\/don\/#primaryimage\",\"inLanguage\":\"fr-FR\",\"url\":\"https:\/\/accompagner.be\/wp-content\/uploads\/Donorinfo_FR.png\",\"contentUrl\":\"https:\/\/accompagner.be\/wp-content\/uploads\/Donorinfo_FR.png\",\"width\":413,\"height\":236},{\"@type\":\"WebPage\",\"@id\":\"https:\/\/accompagner.be\/fr\/don\/#webpage\",\"url\":\"https:\/\/accompagner.be\/fr\/don\/\",\"name\":\"Nous aider financi\\u00e8rement - Les Amis d\\u2019Accompagner\",\"isPartOf\":{\"@id\":\"https:\/\/accompagner.be\/fr\/#website\"},\"primaryImageOfPage\":{\"@id\":\"https:\/\/accompagner.be\/fr\/don\/#primaryimage\"},\"datePublished\":\"2019-05-29T21:32:02+00:00\",\"dateModified\":\"2025-09-30T09:34:39+00:00\",\"breadcrumb\":{\"@id\":\"https:\/\/accompagner.be\/fr\/don\/#breadcrumb\"},\"inLanguage\":\"fr-FR\",\"potentialAction\":[{\"@type\":\"ReadAction\",\"target\":[\"https:\/\/accompagner.be\/fr\/don\/\"]}]},{\"@type\":\"BreadcrumbList\",\"@id\":\"https:\/\/accompagner.be\/fr\/don\/#breadcrumb\",\"itemListElement\":[{\"@type\":\"ListItem\",\"position\":1,\"item\":{\"@type\":\"WebPage\",\"@id\":\"https:\/\/accompagner.be\/fr\/\",\"url\":\"https:\/\/accompagner.be\/fr\/\",\"name\":\"Accueil\"}},{\"@type\":\"ListItem\",\"position\":2,\"item\":{\"@id\":\"https:\/\/accompagner.be\/fr\/don\/#webpage\"}}]}]}<\/script>\n<!-- \/ Yoast SEO plugin. -->","coauthors":[],"author_meta":{"author_link":"https:\/\/accompagner.be\/fr\/author\/phd2019\/","display_name":"PhD2019"},"relative_dates":{"created":"Posted 7 ans ago","modified":"Updated 7 mois ago"},"featured_img_caption":"","_links":{"self":[{"href":"https:\/\/accompagner.be\/fr\/wp-json\/wp\/v2\/pages\/3437"}],"collection":[{"href":"https:\/\/accompagner.be\/fr\/wp-json\/wp\/v2\/pages"}],"about":[{"href":"https:\/\/accompagner.be\/fr\/wp-json\/wp\/v2\/types\/page"}],"author":[{"embeddable":true,"href":"https:\/\/accompagner.be\/fr\/wp-json\/wp\/v2\/users\/8"}],"replies":[{"embeddable":true,"href":"https:\/\/accompagner.be\/fr\/wp-json\/wp\/v2\/comments?post=3437"}],"version-history":[{"count":2,"href":"https:\/\/accompagner.be\/fr\/wp-json\/wp\/v2\/pages\/3437\/revisions"}],"predecessor-version":[{"id":13377,"href":"https:\/\/accompagner.be\/fr\/wp-json\/wp\/v2\/pages\/3437\/revisions\/13377"}],"wp:attachment":[{"href":"https:\/\/accompagner.be\/fr\/wp-json\/wp\/v2\/media?parent=3437"}],"curies":[{"name":"wp","href":"https:\/\/api.w.org\/{rel}","templated":true}]}}