{"id":3298,"date":"2019-05-20T23:40:22","date_gmt":"2019-05-20T21:40:22","guid":{"rendered":"https:\/\/www2.accompagner.be\/?page_id=3298"},"modified":"2026-03-12T13:14:20","modified_gmt":"2026-03-12T12:14:20","slug":"presentation","status":"publish","type":"page","link":"https:\/\/accompagner.be\/fr\/presentation\/","title":{"rendered":"Pr\u00e9sentation"},"content":{"rendered":"\n<p>\u00ab Les Amis d\u2019Accompagner asbl\u00bb, est un service sociojuridique de premi\u00e8re ligne, sp\u00e9cifiquement ax\u00e9 sur l\u2019<a href=\"https:\/\/accompagner.be\/fr\/videos\/\">accompagnement de terrain<\/a> de personnes en difficult\u00e9(s), destin\u00e9 \u00e0 les seconder dans leurs d\u00e9marches visant \u00e0 r\u00e9soudre cette (ces) difficult\u00e9(s), et :<\/p>\n\n\n\n<ul><li style=\"text-align: left;\" data-tadv-p=\"keep\">Ancr\u00e9 aujourd\u2019hui localement \u00e0 Bruxelles,<\/li><li style=\"text-align: left;\" data-tadv-p=\"keep\">Centr\u00e9 sur la personne, quelle qu\u2019elle soit,<\/li><li style=\"text-align: left;\" data-tadv-p=\"keep\">Compos\u00e9 d\u2019une \u00e9quipe de b\u00e9n\u00e9voles encadr\u00e9e par des professionnels,<\/li><li style=\"text-align: left;\" data-tadv-p=\"keep\">Travaillant en r\u00e9seau avec les institutions et les associations,<\/li><li style=\"text-align: left;\" data-tadv-p=\"keep\">Effectuant les accompagnements de terrain dans tout le pays,<\/li><li style=\"text-align: left;\" data-tadv-p=\"keep\">B\u00e9n\u00e9ficiant d\u2019une gestion financi\u00e8re rigoureuse.<\/li><\/ul>\n\n\n\n<p>L\u2019Association comprend trois services : le service d&rsquo;accueil et d&rsquo;orientation socio-juridique, le service d&rsquo;accompagnements ambulatoires et le service du volontariat. Ces services \u0153uvrent dans la m\u00eame <a href=\"https:\/\/accompagner.be\/fr\/action\/\">Action<\/a>.<\/p>\n\n\n\n<p>Le service d&rsquo;accueil et d&rsquo;orientation socio-juridique accueille les personnes pr\u00e9caris\u00e9es qui se pr\u00e9sentent \u00e0 notre <a href=\"https:\/\/accompagner.be\/fr\/service-daccueil-et-dorientation-sociojuridique\/\" target=\"_blank\" rel=\"noreferrer noopener\">service social<\/a> et assure leur suivi tout au long du processus d\u2019am\u00e9lioration de leur situation. Ce processus peut n\u00e9cessiter des accompagnements de terrain effectu\u00e9s par des b\u00e9n\u00e9voles form\u00e9s. Nos <a href=\"\/fr\/?page_id=3513\" target=\"_blank\" rel=\"noreferrer noopener\">bureaux<\/a> sont situ\u00e9s \u00e0 Koekelberg, 23 Rue Emile Sergijsels.<\/p>\n\n\n\n<p>Le<a href=\"https:\/\/accompagner.be\/fr\/partenaires\/\"> Service d&rsquo;Accompagnement Ambulatoire<\/a> propose l\u2019accompagnement de terrain pour les b\u00e9n\u00e9ficiaires de suivis sociaux d\u2019autres organismes ou associations. Ce sont ces derniers qui \u00e9valuent le besoin d\u2019accompagnement et qui introduisent la demande d\u2019accompagnement aupr\u00e8s du service aux partenaires.<\/p>\n\n\n\n<p>.<\/p>\n\n\n\n<p class=\"has-text-align-center\"><strong>D\u00e9couvrir nos diff\u00e9rents domaines d&rsquo;intervention<\/strong><\/p>\n\n\n\n\t\t<!-- MasterSlider -->\n\t\t<div id=\"P_MS5d9f7af5daaed\" class=\"master-slider-parent ms-parent-id-21\" style=\"max-width:1110px;\"  >\n\n\t\t\t\n\t\t\t<!-- MasterSlider Main -->\n\t\t\t<div id=\"MS5d9f7af5daaed\" class=\"master-slider ms-skin-default\" >\n\t\t\t\t \t\t\t\t \n\t\t\t<div  class=\"ms-slide\" data-delay=\"3\" data-fill-mode=\"fill\"   >\n\n\t\t\t\t\t<div  class=\"ms-layer\" style=\"\"      data-ease=\"easeOutQuint\"                data-offset-x=\"0\" data-offset-y=\"0\" data-origin=\"mc\" data-position=\"normal\"  >\n<span style=\"color: #2d88d2; font-family: arial, helvetica, sans-serif; font-size: 2.5em;\">D\u00e9couvrez notre Action!<\/span><\/div>\n\n\n\t\t\t\t<\/div>\n\t\t\t<div  class=\"ms-slide\" data-delay=\"300\" data-fill-mode=\"fill\"   >\n\t\t\t\t\t<img src=\"https:\/\/accompagner.be\/wp-content\/plugins\/masterslider\/public\/assets\/css\/blank.gif\" alt=\"\" title=\"videos_choix\" data-src=\"https:\/\/accompagner.be\/wp-content\/uploads\/2019\/07\/grille-video-sans-titres.png\" \/>\n\n\t\t\t\t\t<div  class=\"ms-layer centpct\" style=\"width:100px;\"      data-ease=\"easeOutQuint\"                data-offset-x=\"875\" data-offset-y=\"495\" data-origin=\"tl\" data-position=\"normal\"  >\n    <a class=\"wp-colorbox-youtube\" href=\"https:\/\/www.youtube.com\/embed\/gq0lpata9-c?autoplay=1\"><img src=\"https:\/\/accompagner.be\/wp-content\/uploads\/2019\/07\/youtube-play-button-png-21.png\"><\/a><\/div>\n\n\t\t\t\t\t<div  class=\"ms-layer centpct\" style=\"width:100px;\"      data-ease=\"easeOutQuint\"                data-offset-x=\"505\" data-offset-y=\"495\" data-origin=\"tl\" data-position=\"normal\"  >\n    <a class=\"wp-colorbox-youtube\" href=\"https:\/\/www.youtube.com\/embed\/uIS-Gh1bMAo?autoplay=1\"><img src=\"https:\/\/accompagner.be\/wp-content\/uploads\/2019\/07\/youtube-play-button-png-21.png\"><\/a><\/div>\n\n\t\t\t\t\t<div  class=\"ms-layer centpct\" style=\"width:100px;\"      data-ease=\"easeOutQuint\"                data-offset-x=\"135\" data-offset-y=\"495\" data-origin=\"tl\" data-position=\"normal\"  >\n    <a class=\"wp-colorbox-youtube\" href=\"https:\/\/www.youtube.com\/embed\/yBcfKsCSSuw?autoplay=1\"><img src=\"https:\/\/accompagner.be\/wp-content\/uploads\/2019\/07\/youtube-play-button-png-21.png\"><\/a><\/div>\n\n\t\t\t\t\t<div  class=\"ms-layer centpct\" style=\"width:100px;\"      data-ease=\"easeOutQuint\"                data-offset-x=\"875\" data-offset-y=\"275\" data-origin=\"tl\" data-position=\"normal\"  >\n    <a class=\"wp-colorbox-youtube\" href=\"https:\/\/www.youtube.com\/embed\/NdWASBFEdaY?autoplay=1\"><img src=\"https:\/\/accompagner.be\/wp-content\/uploads\/2019\/07\/youtube-play-button-png-21.png\"><\/a><\/div>\n\n\t\t\t\t\t<div  class=\"ms-layer centpct\" style=\"width:100px;\"      data-ease=\"easeOutQuint\"                data-offset-x=\"135\" data-offset-y=\"275\" data-origin=\"tl\" data-position=\"normal\"  >\n    <a class=\"wp-colorbox-youtube\" href=\"https:\/\/www.youtube.com\/embed\/Iw5wAumkKLs?autoplay=1\"><img src=\"https:\/\/accompagner.be\/wp-content\/uploads\/2019\/07\/youtube-play-button-png-21.png\"><\/a><\/div>\n\n\t\t\t\t\t<div  class=\"ms-layer centpct\" style=\"width:100px;\"      data-ease=\"easeOutQuint\"                data-offset-x=\"875\" data-offset-y=\"65\" data-origin=\"tl\" data-position=\"normal\"  >\n    <a class=\"wp-colorbox-youtube\" href=\"https:\/\/www.youtube.com\/embed\/FL27Jwc_5Z4?autoplay=1\"><img src=\"https:\/\/accompagner.be\/wp-content\/uploads\/2019\/07\/youtube-play-button-png-21.png\"><\/a><\/div>\n\n\t\t\t\t\t<div  class=\"ms-layer centpct\" style=\"width:100px;\"      data-ease=\"easeOutQuint\"                data-offset-x=\"505\" data-offset-y=\"65\" data-origin=\"tl\" data-position=\"normal\"  >\n    <a class=\"wp-colorbox-youtube\" href=\"https:\/\/www.youtube.com\/embed\/OE8AYnjaHMU?autoplay=1\"><img src=\"https:\/\/accompagner.be\/wp-content\/uploads\/2019\/07\/youtube-play-button-png-21.png\"><\/a><\/div>\n\n\t\t\t\t\t<div  class=\"ms-layer centpct\" style=\"width:100px;\"      data-ease=\"easeOutQuint\"                data-offset-x=\"135\" data-offset-y=\"65\" data-origin=\"tl\" data-position=\"normal\"  >\n    <a class=\"wp-colorbox-youtube\" href=\"https:\/\/www.youtube.com\/embed\/w1rFDUqOEjY?autoplay=1\"><img src=\"https:\/\/accompagner.be\/wp-content\/uploads\/2019\/07\/youtube-play-button-png-21.png\"><\/a><\/div>\n\n\t\t\t\t\t<div  class=\"ms-layer  msp-cn-17-24\" style=\"width:239px;\"      data-ease=\"easeOutQuint\"                data-offset-x=\"-7\" data-offset-y=\"-37\" data-origin=\"mc\" data-position=\"normal\"  >\n<span style=\"color: #2d88d2; font-family: arial, helvetica, sans-serif; font-size: 2.5em;\">Choisissez un th\u00e8me<\/span><\/div>\n\n\t\t\t\t\t<div  class=\"ms-layer\" style=\"width:150px;\"      data-ease=\"easeOutQuint\"                data-offset-x=\"42\" data-offset-y=\"31\" data-origin=\"mc\" data-position=\"normal\"  >\n<span style=\"color: #2d88d2; font-family: arial, helvetica, sans-serif; font-size: 1em;\">Vid\u00e9os r\u00e9alis\u00e9es avec le soutien de<\/span><\/div>\n\n\t\t\t\t\t<img  class=\"ms-layer\" src=\"https:\/\/accompagner.be\/wp-content\/plugins\/masterslider\/public\/assets\/css\/blank.gif\" data-src=\"https:\/\/accompagner.be\/wp-content\/uploads\/2019\/07\/Logo_francophones_bruxelles.png\" alt=\"\" style=\"width:100px;\"     data-ease=\"easeOutQuint\"        data-type=\"image\"          data-offset-x=\"118\" data-offset-y=\"63\" data-origin=\"mc\" data-position=\"normal\" \/>\n\n\n\t\t\t\t<\/div>\n\n\t\t\t<\/div>\n\t\t\t<!-- END MasterSlider Main -->\n\n\t\t\t \n\t\t<\/div>\n\t\t<!-- END MasterSlider -->\n\n\t\t<script>\n\t\t( window.MSReady = window.MSReady || [] ).push( function( $ ) {\n\n\t\t\t\"use strict\";\n\t\t\tvar masterslider_aaed = new MasterSlider();\n\n\t\t\t\/\/ slider controls\n\t\t\t\/\/ slider setup\n\t\t\tmasterslider_aaed.setup(\"MS5d9f7af5daaed\", {\n\t\t\t\twidth           : 1110,\n\t\t\t\theight          : 625,\n\t\t\t\tminHeight       : 0,\n\t\t\t\tspace           : 0,\n\t\t\t\tstart           : 1,\n\t\t\t\tgrabCursor      : false,\n\t\t\t\tswipe           : false,\n\t\t\t\tmouse           : false,\n\t\t\t\tkeyboard        : false,\n\t\t\t\tlayout          : \"boxed\",\n\t\t\t\twheel           : false,\n\t\t\t\tautoplay        : true,\n                instantStartLayers:false,\n\t\t\t\tmobileBGVideo:false,\n\t\t\t\tloop            : true,\n\t\t\t\tshuffle         : false,\n\t\t\t\tpreload         : 0,\n\t\t\t\theightLimit     : true,\n\t\t\t\tautoHeight      : false,\n\t\t\t\tsmoothHeight    : true,\n\t\t\t\tendPause        : false,\n\t\t\t\toverPause       : false,\n\t\t\t\tfillMode        : \"fill\",\n\t\t\t\tcenterControls  : true,\n\t\t\t\tstartOnAppear   : false,\n\t\t\t\tlayersMode      : \"center\",\n\t\t\t\tautofillTarget  : \"\",\n\t\t\t\thideLayers      : false,\n\t\t\t\tfullscreenMargin: 0,\n\t\t\t\tspeed           : 20,\n\t\t\t\tdir             : \"h\",\n\t\t\t\tparallaxMode    : 'swipe',\n\t\t\t\tview            : \"fade\"\n\t\t\t});\n\n\t\t\t\t\t\tmasterslider_aaed.api.addEventListener(MSSliderEvent.VIDEO_CLOSE, function(event){\n  var api = event.target;\n  api.gotoSlide(0);\n} );\n\n\t\t\twindow.masterslider_instances = window.masterslider_instances || [];\n\t\t\twindow.masterslider_instances.push( masterslider_aaed );\n\t\t});\n\t\t<\/script>\n\n\n\n\n\n<p><\/p>\n","protected":false},"excerpt":{"rendered":"<p>\u00ab Les Amis d\u2019Accompagner asbl\u00bb, est un service sociojuridique de premi\u00e8re ligne, sp\u00e9cifiquement ax\u00e9 sur l\u2019accompagnement de terrain de personnes en difficult\u00e9(s), destin\u00e9 \u00e0 les seconder dans leurs d\u00e9marches visant \u00e0 r\u00e9soudre cette (ces) difficult\u00e9(s), et : Ancr\u00e9 aujourd\u2019hui localement \u00e0 Bruxelles, Centr\u00e9 sur la personne, quelle qu\u2019elle soit, Compos\u00e9 d\u2019une \u00e9quipe de b\u00e9n\u00e9voles encadr\u00e9e [&hellip;]<\/p>\n","protected":false},"author":8,"featured_media":0,"parent":0,"menu_order":0,"comment_status":"closed","ping_status":"closed","template":"","meta":{"advgb_blocks_editor_width":"","advgb_blocks_columns_visual_guide":""},"yoast_head":"<!-- This site is optimized with the Yoast SEO plugin v16.3 - https:\/\/yoast.com\/wordpress\/plugins\/seo\/ -->\n<title>Pr\u00e9sentation - Les Amis d\u2019Accompagner<\/title>\n<meta name=\"robots\" content=\"index, follow, max-snippet:-1, max-image-preview:large, max-video-preview:-1\" \/>\n<link rel=\"canonical\" href=\"https:\/\/accompagner.be\/fr\/presentation\/\" \/>\n<meta property=\"og:locale\" content=\"fr_FR\" \/>\n<meta property=\"og:type\" content=\"article\" \/>\n<meta property=\"og:title\" content=\"Pr\u00e9sentation - Les Amis d\u2019Accompagner\" \/>\n<meta property=\"og:description\" content=\"\u00ab Les Amis d\u2019Accompagner asbl\u00bb, est un service sociojuridique de premi\u00e8re ligne, sp\u00e9cifiquement ax\u00e9 sur l\u2019accompagnement de terrain de personnes en difficult\u00e9(s), destin\u00e9 \u00e0 les seconder dans leurs d\u00e9marches visant \u00e0 r\u00e9soudre cette (ces) difficult\u00e9(s), et : Ancr\u00e9 aujourd\u2019hui localement \u00e0 Bruxelles, Centr\u00e9 sur la personne, quelle qu\u2019elle soit, Compos\u00e9 d\u2019une \u00e9quipe de b\u00e9n\u00e9voles encadr\u00e9e [&hellip;]\" \/>\n<meta property=\"og:url\" content=\"https:\/\/accompagner.be\/fr\/presentation\/\" \/>\n<meta property=\"og:site_name\" content=\"Les Amis d\u2019Accompagner\" \/>\n<meta property=\"article:modified_time\" content=\"2026-03-12T12:14:20+00:00\" \/>\n<meta name=\"twitter:card\" content=\"summary_large_image\" \/>\n<meta name=\"twitter:label1\" content=\"Dur\u00e9e de lecture est.\">\n\t<meta name=\"twitter:data1\" content=\"1 minute\">\n<script type=\"application\/ld+json\" class=\"yoast-schema-graph\">{\"@context\":\"https:\/\/schema.org\",\"@graph\":[{\"@type\":\"WebSite\",\"@id\":\"https:\/\/accompagner.be\/fr\/#website\",\"url\":\"https:\/\/accompagner.be\/fr\/\",\"name\":\"Les Amis d\\u2019Accompagner\",\"description\":\"Ensemble, pas \\u00e0 pas!\",\"potentialAction\":[{\"@type\":\"SearchAction\",\"target\":\"https:\/\/accompagner.be\/fr\/?s={search_term_string}\",\"query-input\":\"required name=search_term_string\"}],\"inLanguage\":\"fr-FR\"},{\"@type\":\"WebPage\",\"@id\":\"https:\/\/accompagner.be\/fr\/presentation\/#webpage\",\"url\":\"https:\/\/accompagner.be\/fr\/presentation\/\",\"name\":\"Pr\\u00e9sentation - Les Amis d\\u2019Accompagner\",\"isPartOf\":{\"@id\":\"https:\/\/accompagner.be\/fr\/#website\"},\"datePublished\":\"2019-05-20T21:40:22+00:00\",\"dateModified\":\"2026-03-12T12:14:20+00:00\",\"breadcrumb\":{\"@id\":\"https:\/\/accompagner.be\/fr\/presentation\/#breadcrumb\"},\"inLanguage\":\"fr-FR\",\"potentialAction\":[{\"@type\":\"ReadAction\",\"target\":[\"https:\/\/accompagner.be\/fr\/presentation\/\"]}]},{\"@type\":\"BreadcrumbList\",\"@id\":\"https:\/\/accompagner.be\/fr\/presentation\/#breadcrumb\",\"itemListElement\":[{\"@type\":\"ListItem\",\"position\":1,\"item\":{\"@type\":\"WebPage\",\"@id\":\"https:\/\/accompagner.be\/fr\/\",\"url\":\"https:\/\/accompagner.be\/fr\/\",\"name\":\"Accueil\"}},{\"@type\":\"ListItem\",\"position\":2,\"item\":{\"@id\":\"https:\/\/accompagner.be\/fr\/presentation\/#webpage\"}}]}]}<\/script>\n<!-- \/ Yoast SEO plugin. -->","coauthors":[],"author_meta":{"author_link":"https:\/\/accompagner.be\/fr\/author\/phd2019\/","display_name":"PhD2019"},"relative_dates":{"created":"Posted 7 ans ago","modified":"Updated 1 mois ago"},"featured_img_caption":"","_links":{"self":[{"href":"https:\/\/accompagner.be\/fr\/wp-json\/wp\/v2\/pages\/3298"}],"collection":[{"href":"https:\/\/accompagner.be\/fr\/wp-json\/wp\/v2\/pages"}],"about":[{"href":"https:\/\/accompagner.be\/fr\/wp-json\/wp\/v2\/types\/page"}],"author":[{"embeddable":true,"href":"https:\/\/accompagner.be\/fr\/wp-json\/wp\/v2\/users\/8"}],"replies":[{"embeddable":true,"href":"https:\/\/accompagner.be\/fr\/wp-json\/wp\/v2\/comments?post=3298"}],"version-history":[{"count":9,"href":"https:\/\/accompagner.be\/fr\/wp-json\/wp\/v2\/pages\/3298\/revisions"}],"predecessor-version":[{"id":13653,"href":"https:\/\/accompagner.be\/fr\/wp-json\/wp\/v2\/pages\/3298\/revisions\/13653"}],"wp:attachment":[{"href":"https:\/\/accompagner.be\/fr\/wp-json\/wp\/v2\/media?parent=3298"}],"curies":[{"name":"wp","href":"https:\/\/api.w.org\/{rel}","templated":true}]}}