{"id":3279,"date":"2019-05-20T22:51:42","date_gmt":"2019-05-20T20:51:42","guid":{"rendered":"https:\/\/www2.accompagner.be\/?page_id=3279"},"modified":"2026-04-08T10:33:10","modified_gmt":"2026-04-08T08:33:10","slug":"accueil","status":"publish","type":"page","link":"https:\/\/accompagner.be\/fr\/","title":{"rendered":"Accueil"},"content":{"rendered":"\n<div class=\"wp-block-advgb-container advgb-blocks-container\">\n<div class=\"wp-block-columns has-2-columns\">\n<div class=\"wp-block-column\">\n<p>L\u2019asbl Les Amis d&rsquo;Accompagner est une institution sociale de premi\u00e8re ligne qui offre <strong>trois services<\/strong> : <\/p>\n\n\n\n<ul><li><a href=\"https:\/\/accompagner.be\/fr\/service-social\/\" target=\"_blank\" rel=\"noreferrer noopener\">Le service d&rsquo;accueil et d&rsquo;orientation sociojuridique<\/a><\/li><li>Contact : bruxelles@accompagner.be, 02\/580.20.30 <\/li><\/ul>\n\n\n\n<ul><li><a href=\"https:\/\/accompagner.be\/fr\/partenaires\/\" target=\"_blank\" rel=\"noreferrer noopener\">Le service d&rsquo;accompagnement ambulatoire<\/a>                       <\/li><li>Contact : info.saa@accompagner.be, 02\/580.20.33<\/li><\/ul>\n\n\n\n<ul><li><a href=\"https:\/\/accompagner.be\/fr\/volontariat\/\" target=\"_blank\" rel=\"noreferrer noopener\">Le service du volontariat<\/a>                                             <\/li><li>Contact : volontariat@accompagner.be, 02\/580.20.32<\/li><\/ul>\n\n\n\n<p>.<\/p>\n\n\n\n<h4><strong><span style=\"color:#004563\" class=\"color\">Notre mission<\/span><\/strong><\/h4>\n\n\n\n<ul><li>Promouvoir et favoriser l\u2019autonomie d\u2019action de toute personne en difficult\u00e9 en vue d\u2019une meilleure int\u00e9gration sociale. A cet effet, des b\u00e9n\u00e9voles form\u00e9s l\u2019accompagnent physiquement sur le terrain dans les d\u00e9marches n\u00e9cessaires pour retrouver ses droits et pouvoir assumer ses responsabilit\u00e9s de citoyen. <\/li><li>Promouvoir l&rsquo;accompagnement de terrain pour toute personne en perte provisoire ou d\u00e9finitive d\u2019autonomie afin de lui permettre de continuer \u00e0 vivre dignement et \u00e0 se sentir valoris\u00e9e au sein de la soci\u00e9t\u00e9.<\/li><li>Proposer ces m\u00eames services \u00e0 toute institution priv\u00e9e ou publique sollicitant ce type d\u2019accompagnement pour leurs b\u00e9n\u00e9ficiaires, afin de leur permettre d\u2019accro\u00eetre l\u2019efficacit\u00e9 de leur action.<\/li><li>Offrir l\u2019accompagnement administratif et informatique n\u00e9cessaire \u00e0 toute personne d\u00e9sarm\u00e9e devant la pression num\u00e9rique croissante.<\/li><\/ul>\n\n\n\n<p>.<\/p>\n\n\n\n<h4><strong><span style=\"color:#004e70\" class=\"color\">L&rsquo;accompagnement ambulatoire<\/span><\/strong><\/h4>\n\n\n\n<p>La sp\u00e9cificit\u00e9 de notre association c&rsquo;est de proposer l&rsquo;accompagnement ambulatoire \u00e0 nos usagers et aux institutions qui souhaitent enrichir leur suivi social par un accompagnement de terrain. <\/p>\n\n\n\n<div class=\"wp-block-advgb-button alignnone\"><a class=\"wp-block-advgb-button_link advgbbtn-9f6edc14-048b-4c30-a193-ffa8ccf4d833\" href=\"https:\/\/accompagner.be\/fr\/demander-un-accompagnement\/\" target=\"_blank\" rel=\"noopener noreferrer\"><strong>Demander un accompagnement de terrain<\/strong><\/a><\/div>\n\n\n\n<p>.<\/p>\n\n\n\n<p>.<\/p>\n\n\n\n<h4><strong><span style=\"color:#005478\" class=\"color\">Une association de b\u00e9n\u00e9voles<\/span><\/strong><\/h4>\n\n\n\n<p>Un suivi personnalis\u00e9 de chaque volontaire lui permet de trouver sa place \u00e0 l&rsquo;association et de s&rsquo;\u00e9panouir dans le type de volontariat qu&rsquo;il souhaite r\u00e9aliser : accompagnement de terrain, secr\u00e9tariat, informatique, pri\u00e8re, accueillant relationnel, accueillant social, etc.<\/p>\n\n\n\n<p>Lors de l&rsquo;accompagnement de terrain, b\u00e9n\u00e9ficiaires et b\u00e9n\u00e9voles r\u00e9alisent ensemble les d\u00e9marches utiles qui permettent d\u2019am\u00e9liorer la situation. Il s&rsquo;agit notamment des d\u00e9marches administratives, juridiques, m\u00e9dicales, sociales, etc. Pour en savoir plus, d\u00e9couvrez <a href=\"\/fr\/?page_id=4275\" target=\"_blank\" rel=\"noreferrer noopener\">notre action<\/a>.<\/p>\n\n\n\n<p>Chaque ann\u00e9e, le service du volontariat organise une s\u00e9rie d&rsquo;activit\u00e9s \u00e0 l&rsquo;intention de nos volontaires : formation, table ronde, drink, repas, sortie, etc.<\/p>\n\n\n\n<p>.<\/p>\n\n\n\n<h4><strong><span style=\"color:#004b6b\" class=\"tadv-color\">Agenda d&rsquo;activit\u00e9s des volontaires<\/span><\/strong><\/h4>\n\n\n\n<p><\/p>\n\n\n\n<figure class=\"wp-block-image size-medium is-resized\"><a href=\"https:\/\/accompagner.be\/wp-content\/uploads\/Agenda-Activites-Volontaires-2026.pdf\" target=\"_blank\" rel=\"noopener\"><img loading=\"lazy\" src=\"https:\/\/accompagner.be\/wp-content\/uploads\/Agenda-Activites-Vols2026-300x165.png\" alt=\"\" class=\"wp-image-13525\" width=\"792\" height=\"435\" srcset=\"https:\/\/accompagner.be\/wp-content\/uploads\/Agenda-Activites-Vols2026-300x165.png 300w, https:\/\/accompagner.be\/wp-content\/uploads\/Agenda-Activites-Vols2026-1024x564.png 1024w, https:\/\/accompagner.be\/wp-content\/uploads\/Agenda-Activites-Vols2026-768x423.png 768w, https:\/\/accompagner.be\/wp-content\/uploads\/Agenda-Activites-Vols2026.png 1111w\" sizes=\"(max-width: 792px) 100vw, 792px\" \/><\/a><\/figure>\n\n\n\n<p>.<\/p>\n\n\n\n<p><\/p>\n\n\n\n<p><\/p>\n\n\n\n<h4><strong><span style=\"color:#005e86\" class=\"color\">D\u00e9couvrez le fonctionnement de nos services<\/span><\/strong><\/h4>\n\n\n\n<p><\/p>\n\n\n\n<figure class=\"wp-block-image size-large is-resized\"><a href=\"https:\/\/www.youtube.com\/watch?v=b-Gd-XftGfI\" target=\"_blank\" rel=\"noopener\"><img loading=\"lazy\" src=\"https:\/\/accompagner.be\/wp-content\/uploads\/Accompagner-Pas-1024x722.png\" alt=\"\" class=\"wp-image-13681\" width=\"810\" height=\"572\" srcset=\"https:\/\/accompagner.be\/wp-content\/uploads\/Accompagner-Pas-1024x722.png 1024w, https:\/\/accompagner.be\/wp-content\/uploads\/Accompagner-Pas-300x212.png 300w, https:\/\/accompagner.be\/wp-content\/uploads\/Accompagner-Pas-768x541.png 768w, https:\/\/accompagner.be\/wp-content\/uploads\/Accompagner-Pas-1536x1083.png 1536w, https:\/\/accompagner.be\/wp-content\/uploads\/Accompagner-Pas.png 2000w\" sizes=\"(max-width: 810px) 100vw, 810px\" \/><\/a><\/figure>\n<\/div>\n\n\n\n<div class=\"wp-block-column\">\n<figure class=\"wp-block-image size-large is-resized\"><a href=\"https:\/\/accompagner.be\/wp-content\/uploads\/RAPPORT-ANNUEL-2025-ACCOMPAGNER_BE.pdf\" target=\"_blank\" rel=\"noopener\"><img loading=\"lazy\" src=\"https:\/\/accompagner.be\/wp-content\/uploads\/Rapport-Annuel-Site-Internet-1024x722.png\" alt=\"Accompagner\" class=\"wp-image-13659\" width=\"594\" height=\"396\"\/><\/a><\/figure>\n\n\n\n<p><\/p>\n\n\n\n<p><\/p>\n\n\n\n<p><\/p>\n\n\n\n<p>.<\/p>\n\n\n\n<figure class=\"wp-block-image size-large is-resized\"><a href=\"https:\/\/accompagner.be\/wp-content\/uploads\/LesAmisdAccompagner-pages_simples-68-FR-version-04_finale.pdf\" target=\"_blank\" rel=\"noopener\"><img loading=\"lazy\" src=\"https:\/\/accompagner.be\/wp-content\/uploads\/LI68-1.png\" alt=\"\" class=\"wp-image-13752\" width=\"591\" height=\"276\" srcset=\"https:\/\/accompagner.be\/wp-content\/uploads\/LI68-1.png 796w, https:\/\/accompagner.be\/wp-content\/uploads\/LI68-1-300x140.png 300w, https:\/\/accompagner.be\/wp-content\/uploads\/LI68-1-768x359.png 768w\" sizes=\"(max-width: 591px) 100vw, 591px\" \/><\/a><\/figure>\n\n\n\n<p>.<\/p>\n\n\n\n<div class=\"wp-block-advgb-button alignnone\"><a class=\"wp-block-advgb-button_link advgbbtn-8c728b76-1f3e-473a-a0cc-bf36e0f8d712\" href=\"#\" target=\"_blank\" rel=\"noopener noreferrer\">Nous organisons des ateliers :<br\/> <br\/>     <strong>&#8211; Bons Plans,<\/strong> avec le soutien de la F\u00e9d\u00e9ration des Services<br\/>Sociaux. Ces ateliers traitent de diverses questions li\u00e9es au<br\/>logement (\u00e9lectricit\u00e9, eau, humidit\u00e9, etc.)<br\/><strong><br\/> <\/strong>    <strong>&#8211; Caf\u00e9 num\u00e9rique.<\/strong> Ces ateliers essaient de rendre accessible<br\/>l&rsquo;outil informatique (applications, agendas num\u00e9riques, mails,<br\/>recherche Google, etc.)<strong><br\/><\/strong><br\/>Pour plus d&rsquo;info, contactez <strong>02\/580.20.30<\/strong><\/a><\/div>\n\n\n\n<p>.<\/p>\n\n\n\n<h4><strong><a href=\"https:\/\/accompagner.be\/fr\/service-daccueil-et-dorientation-sociojuridique\/\" target=\"_blank\" rel=\"noreferrer noopener\">Horaire du Service social<\/a><\/strong><\/h4>\n\n\n\n<figure class=\"wp-block-image size-large is-resized\"><a href=\"https:\/\/accompagner.be\/fr\/service-daccueil-et-dorientation-sociojuridique\/\" target=\"_blank\" rel=\"noopener\"><img loading=\"lazy\" src=\"https:\/\/accompagner.be\/wp-content\/uploads\/Horaires-SASO-2025.png\" alt=\"\" class=\"wp-image-13304\" width=\"626\" height=\"465\" srcset=\"https:\/\/accompagner.be\/wp-content\/uploads\/Horaires-SASO-2025.png 876w, https:\/\/accompagner.be\/wp-content\/uploads\/Horaires-SASO-2025-300x223.png 300w, https:\/\/accompagner.be\/wp-content\/uploads\/Horaires-SASO-2025-768x571.png 768w\" sizes=\"(max-width: 626px) 100vw, 626px\" \/><\/a><\/figure>\n\n\n\n<p><\/p>\n\n\n\n<p>.<\/p>\n\n\n\n<h4><strong><a href=\"https:\/\/accompagner.be\/wp-content\/uploads\/Recrutement-VOL.png\" target=\"_blank\" rel=\"noreferrer noopener\">Nous recrutons des nouveaux b\u00e9n\u00e9voles<\/a><\/strong><\/h4>\n\n\n\n<figure class=\"wp-block-image size-large\"><a href=\"https:\/\/accompagner.be\/wp-content\/uploads\/Recherche-Volontaires-1.mp4\" target=\"_blank\" rel=\"noopener\"><img loading=\"lazy\" width=\"474\" height=\"676\" src=\"https:\/\/accompagner.be\/wp-content\/uploads\/Recherche-Benevoles.png\" alt=\"\" class=\"wp-image-13672\" srcset=\"https:\/\/accompagner.be\/wp-content\/uploads\/Recherche-Benevoles.png 474w, https:\/\/accompagner.be\/wp-content\/uploads\/Recherche-Benevoles-210x300.png 210w\" sizes=\"(max-width: 474px) 100vw, 474px\" \/><\/a><\/figure>\n\n\n\n<p><\/p>\n<\/div>\n<\/div>\n<\/div>\n\n\n\n<p><\/p>\n<style class=\"advgb-styles-renderer\">.advgbbtn-9f6edc14-048b-4c30-a193-ffa8ccf4d833{font-size:20px;color: !important;background-color:#2382ab !important;margin:0px 0px 0px 0px !important;padding:10px 30px 10px 30px;border-width:1px !important;border-color: !important;border-style:none;border-radius:50px !important;}.advgbbtn-9f6edc14-048b-4c30-a193-ffa8ccf4d833:hover{color: !important;background-color: !important;box-shadow:1px 1px 12px 0px #ccc;opacity:1;transition:all 0.2s ease;}.advgbbtn-8c728b76-1f3e-473a-a0cc-bf36e0f8d712{font-size:18px;color: !important;background-color:#4486af !important;margin:0px 0px 0px 0px !important;padding:10px 30px 10px 30px;border-width:1px !important;border-color: !important;border-style:none;border-radius:50px !important;}.advgbbtn-8c728b76-1f3e-473a-a0cc-bf36e0f8d712:hover{color: !important;background-color: !important;box-shadow:1px 1px 12px 0px #ccc;opacity:1;transition:all 0.2s ease;}<\/style>","protected":false},"excerpt":{"rendered":"","protected":false},"author":8,"featured_media":0,"parent":0,"menu_order":0,"comment_status":"closed","ping_status":"closed","template":"templates\/front_1.php","meta":{"advgb_blocks_editor_width":"","advgb_blocks_columns_visual_guide":""},"yoast_head":"<!-- This site is optimized with the Yoast SEO plugin v16.3 - https:\/\/yoast.com\/wordpress\/plugins\/seo\/ -->\n<title>Accueil - Les Amis d\u2019Accompagner<\/title>\n<meta name=\"description\" content=\"L\u2019asbl Les Amis d&#039;Accompagner est un service d&#039;orientation sociojuridique de premi\u00e8re ligne et d&#039;accompagnement ambulatoire.\" \/>\n<meta name=\"robots\" content=\"index, follow, max-snippet:-1, max-image-preview:large, max-video-preview:-1\" \/>\n<link rel=\"canonical\" href=\"https:\/\/accompagner.be\/fr\/\" \/>\n<meta property=\"og:locale\" content=\"fr_FR\" \/>\n<meta property=\"og:type\" content=\"article\" \/>\n<meta property=\"og:title\" content=\"Accueil - Les Amis d\u2019Accompagner\" \/>\n<meta property=\"og:description\" content=\"L\u2019asbl Les Amis d&#039;Accompagner est un service d&#039;orientation sociojuridique de premi\u00e8re ligne et d&#039;accompagnement ambulatoire.\" \/>\n<meta property=\"og:url\" content=\"https:\/\/accompagner.be\/fr\/\" \/>\n<meta property=\"og:site_name\" content=\"Les Amis d\u2019Accompagner\" \/>\n<meta property=\"article:modified_time\" content=\"2026-04-08T08:33:10+00:00\" \/>\n<meta property=\"og:image\" content=\"https:\/\/accompagner.be\/wp-content\/uploads\/Agenda-Activites-Vols2026-300x165.png\" \/>\n<meta name=\"twitter:card\" content=\"summary_large_image\" \/>\n<meta name=\"twitter:label1\" content=\"Dur\u00e9e de lecture est.\">\n\t<meta name=\"twitter:data1\" content=\"3 minutes\">\n<script type=\"application\/ld+json\" class=\"yoast-schema-graph\">{\"@context\":\"https:\/\/schema.org\",\"@graph\":[{\"@type\":\"WebSite\",\"@id\":\"https:\/\/accompagner.be\/fr\/#website\",\"url\":\"https:\/\/accompagner.be\/fr\/\",\"name\":\"Les Amis d\\u2019Accompagner\",\"description\":\"Ensemble, pas \\u00e0 pas!\",\"potentialAction\":[{\"@type\":\"SearchAction\",\"target\":\"https:\/\/accompagner.be\/fr\/?s={search_term_string}\",\"query-input\":\"required name=search_term_string\"}],\"inLanguage\":\"fr-FR\"},{\"@type\":\"ImageObject\",\"@id\":\"https:\/\/accompagner.be\/fr\/#primaryimage\",\"inLanguage\":\"fr-FR\",\"url\":\"https:\/\/accompagner.be\/wp-content\/uploads\/Agenda-Activites-Vols2026.png\",\"contentUrl\":\"https:\/\/accompagner.be\/wp-content\/uploads\/Agenda-Activites-Vols2026.png\",\"width\":1111,\"height\":612},{\"@type\":\"WebPage\",\"@id\":\"https:\/\/accompagner.be\/fr\/#webpage\",\"url\":\"https:\/\/accompagner.be\/fr\/\",\"name\":\"Accueil - Les Amis d\\u2019Accompagner\",\"isPartOf\":{\"@id\":\"https:\/\/accompagner.be\/fr\/#website\"},\"primaryImageOfPage\":{\"@id\":\"https:\/\/accompagner.be\/fr\/#primaryimage\"},\"datePublished\":\"2019-05-20T20:51:42+00:00\",\"dateModified\":\"2026-04-08T08:33:10+00:00\",\"description\":\"L\\u2019asbl Les Amis d'Accompagner est un service d'orientation sociojuridique de premi\\u00e8re ligne et d'accompagnement ambulatoire.\",\"breadcrumb\":{\"@id\":\"https:\/\/accompagner.be\/fr\/#breadcrumb\"},\"inLanguage\":\"fr-FR\",\"potentialAction\":[{\"@type\":\"ReadAction\",\"target\":[\"https:\/\/accompagner.be\/fr\/\"]}]},{\"@type\":\"BreadcrumbList\",\"@id\":\"https:\/\/accompagner.be\/fr\/#breadcrumb\",\"itemListElement\":[{\"@type\":\"ListItem\",\"position\":1,\"item\":{\"@type\":\"WebPage\",\"@id\":\"https:\/\/accompagner.be\/fr\/\",\"url\":\"https:\/\/accompagner.be\/fr\/\",\"name\":\"Accueil\"}},{\"@type\":\"ListItem\",\"position\":2,\"item\":{\"@id\":\"https:\/\/accompagner.be\/fr\/#webpage\"}}]}]}<\/script>\n<!-- \/ Yoast SEO plugin. -->","coauthors":[],"author_meta":{"author_link":"https:\/\/accompagner.be\/fr\/author\/phd2019\/","display_name":"PhD2019"},"relative_dates":{"created":"Posted 7 ans ago","modified":"Updated 1 semaine ago"},"featured_img_caption":"","_links":{"self":[{"href":"https:\/\/accompagner.be\/fr\/wp-json\/wp\/v2\/pages\/3279"}],"collection":[{"href":"https:\/\/accompagner.be\/fr\/wp-json\/wp\/v2\/pages"}],"about":[{"href":"https:\/\/accompagner.be\/fr\/wp-json\/wp\/v2\/types\/page"}],"author":[{"embeddable":true,"href":"https:\/\/accompagner.be\/fr\/wp-json\/wp\/v2\/users\/8"}],"replies":[{"embeddable":true,"href":"https:\/\/accompagner.be\/fr\/wp-json\/wp\/v2\/comments?post=3279"}],"version-history":[{"count":117,"href":"https:\/\/accompagner.be\/fr\/wp-json\/wp\/v2\/pages\/3279\/revisions"}],"predecessor-version":[{"id":13779,"href":"https:\/\/accompagner.be\/fr\/wp-json\/wp\/v2\/pages\/3279\/revisions\/13779"}],"wp:attachment":[{"href":"https:\/\/accompagner.be\/fr\/wp-json\/wp\/v2\/media?parent=3279"}],"curies":[{"name":"wp","href":"https:\/\/api.w.org\/{rel}","templated":true}]}}