{"id":13378,"date":"2025-10-08T15:42:41","date_gmt":"2025-10-08T13:42:41","guid":{"rendered":"https:\/\/accompagner.be\/?page_id=13378"},"modified":"2026-03-24T13:59:30","modified_gmt":"2026-03-24T12:59:30","slug":"temoignages","status":"publish","type":"page","link":"https:\/\/accompagner.be\/fr\/temoignages\/","title":{"rendered":"T\u00e9moignages"},"content":{"rendered":"\n<div class=\"wp-block-group\"><div class=\"wp-block-group__inner-container\">\n<div class=\"wp-block-columns\">\n<div class=\"wp-block-column\">\n<figure class=\"wp-block-image size-large\"><img loading=\"lazy\" width=\"329\" height=\"251\" src=\"https:\/\/accompagner.be\/wp-content\/uploads\/image-3.png\" alt=\"\" class=\"wp-image-13702\" srcset=\"https:\/\/accompagner.be\/wp-content\/uploads\/image-3.png 329w, https:\/\/accompagner.be\/wp-content\/uploads\/image-3-300x229.png 300w\" sizes=\"(max-width: 329px) 100vw, 329px\" \/><\/figure>\n\n\n\n<p>.<\/p>\n\n\n\n<h4 class=\"has-text-align-left\"><strong>T\u00e9moignage d&rsquo;un b\u00e9n\u00e9ficiaire<\/strong><\/h4>\n\n\n\n<p>L\u2019accompagnement de terrain est pour moi bien plus qu\u2019une simple aide logistique ; c\u2019est un v\u00e9ritable moteur de courage. En raison de mon handicap, la pr\u00e9sence d&rsquo;un accompagnant transforme mon quotidien en m&rsquo;apportant un soutien moral pr\u00e9cieux. Cela me soulage \u00e9norm\u00e9ment et, surtout, cela dissipe le stress et l&rsquo;appr\u00e9hension que je ressens habituellement lors de mes trajets.<br>Lorsque je sollicite un accompagnement, c&rsquo;est avant tout pour pallier les difficult\u00e9s importantes que je rencontre, tant durant mes rendez-vous que dans les transports. Par le pass\u00e9, j&rsquo;ai malheureusement v\u00e9cu des situations difficiles lorsque j&rsquo;\u00e9tais seule. Avoir quelqu&rsquo;un \u00e0 mes c\u00f4t\u00e9s est donc une n\u00e9cessit\u00e9 pour ma s\u00e9curit\u00e9 et ma s\u00e9r\u00e9nit\u00e9. Les b\u00e9n\u00e9voles r\u00e9pondent parfaitement \u00e0 mes attentes. Leur mani\u00e8re de m&rsquo;\u00e9pauler est exemplaire : ils prennent le temps de me parler, de m&rsquo;expliquer l&rsquo;environnement qui m&rsquo;entoure et de me guider avec bienveillance. Cette attention de chaque instant me redonne une grande confiance en moi. Un immense merci \u00e0 toute l&rsquo;\u00e9quipe pour ce soutien qui change vraiment ma vision du quotidienne<\/p>\n\n\n\n<p>.<\/p>\n\n\n\n<h4><strong>T\u00e9moignages des accompagnants de terrain<\/strong><\/h4>\n\n\n\n<p><\/p>\n\n\n\n<blockquote class=\"wp-block-quote\"><p>\u00ab \u00c9tant donn\u00e9 que j\u2019ai quitt\u00e9 Accompagner, il y a quelques temps, j\u2019\u00e9tais tr\u00e8s heureux de voir qu\u2019on pensait toujours \u00e0 moi en me remettant mon dipl\u00f4me de vingt ann\u00e9es de service \u00e0 Accompagner. C\u2019\u00e9tait tr\u00e8s chaleureux.\u00bb &#8211; G\u00e9rard<\/p><\/blockquote>\n\n\n\n<blockquote class=\"wp-block-quote\"><p><br>\u00ab Chers Amis, je pr\u00e9sente \u00e0 toute l\u2019\u00e9quipe mes meilleurs voeux pour 2026, et \u00e9galement je vous remercie chaleu-reusement pour toutes les gentilles cartes que vous continuez \u00e0 m\u2019envoyer malgr\u00e9 mon propre silence (anniversaires, nouvel an, etc.). Je n\u2019ai plus le temps de faire du volontariat pour vous, mais sachez que je continue \u00e0 vous porter dans mon coeur ! \u00bb \u2013 \u00c9ric \u2013 un ancien<\/p><\/blockquote>\n\n\n\n<blockquote class=\"wp-block-quote\"><p><br>\u00ab C&rsquo;est une source de joie et de fiert\u00e9, et je suis tr\u00e8s heureuse de faire partie de ce groupe. J&rsquo;esp\u00e8re que nous continuerons \u00e0 progresser vers des niveaux plus \u00e9lev\u00e9s sur le plan humain et pratique. \u00bb &#8211; Rania<\/p><\/blockquote>\n\n\n\n<blockquote class=\"wp-block-quote\"><p><br>\u00ab Je me permets de t\u2019\u00e9crire pour te remercier, ainsi que le reste de l\u2019\u00e9quipe, pour la jolie lettre d\u2019anniversaire que j\u2019ai re\u00e7ue aujourd\u2019hui. C\u2019est vraiment tr\u00e8s attentionn\u00e9 de votre part de penser \u00e0 mon anniversaire alors que j\u2019ai rejoint l\u2019\u00e9quipe r\u00e9cemment. J\u2019ai \u00e9t\u00e9 agr\u00e9ablement surprise et tr\u00e8s touch\u00e9e ! \u00bb &#8211; Selcan<\/p><\/blockquote>\n\n\n\n<blockquote class=\"wp-block-quote\"><p><br>\u00ab Merci beaucoup pour votre gentil message et vos attentions. J\u2019ai bien re\u00e7u les informations n\u00e9-cessaires pour la mission et je comprends parfaitement ce que vous me dites concernant la dur\u00e9e et les impr\u00e9vus possibles des missions. Je prends bonne note de vos pr\u00e9cieux conseils et je veillerai \u00e0 ne pas me mettre en difficult\u00e9. Cela me rassure de sentir votre bienveillance et votre souci de pr\u00e9server notre \u00e9quilibre. Je reste bien entendu disponible et motiv\u00e9 pour contribuer au mieux aux missions qui me seront confi\u00e9es. \u00bb &#8211; Athanase<\/p><\/blockquote>\n\n\n\n<blockquote class=\"wp-block-quote\"><p>\u00ab Au d\u00e9but, j\u2019avais peur de ne pas r\u00e9ussir dans mes missions. Mais apr\u00e8s chaque mission accomplie, je ressens un vrai sentiment de satisfaction. Ce que j\u2019appr\u00e9cie, c\u2019est qu\u2019on ne me demande pas uniquement d\u2019interpr\u00e9ter, mais aussi d\u2019apporter un soutien moral \u00e0 la personne. Je ne suis pas juste un interpr\u00e8te. Je suis un accompagnant \u2013 aidant. \u00bb &#8211; Hekmat<\/p><\/blockquote>\n<\/div>\n\n\n\n<div class=\"wp-block-column\">\n<figure class=\"wp-block-image size-large is-resized\"><img loading=\"lazy\" src=\"https:\/\/accompagner.be\/wp-content\/uploads\/Brigitte-768x1024.jpg\" alt=\"\" class=\"wp-image-13390\" width=\"193\" height=\"257\" srcset=\"https:\/\/accompagner.be\/wp-content\/uploads\/Brigitte-768x1024.jpg 768w, https:\/\/accompagner.be\/wp-content\/uploads\/Brigitte-225x300.jpg 225w, https:\/\/accompagner.be\/wp-content\/uploads\/Brigitte-1152x1536.jpg 1152w, https:\/\/accompagner.be\/wp-content\/uploads\/Brigitte-1536x2048.jpg 1536w, https:\/\/accompagner.be\/wp-content\/uploads\/Brigitte-scaled.jpg 1920w\" sizes=\"(max-width: 193px) 100vw, 193px\" \/><\/figure>\n\n\n\n<p>.<\/p>\n\n\n\n<h4 class=\"has-text-align-left\"><strong>T\u00e9moignage d&rsquo;un b\u00e9n\u00e9vole<\/strong><\/h4>\n\n\n\n<p id=\"block-d42ee12d-f2c6-4363-85ca-3c81c4809745\">J\u2019ai d\u00e9couvert l\u2019ASBL les Amis d\u2019Accompagner quand je travaillais \u00e0 la COCOM (Commission communautaire commune), d\u00e9sormais appel\u00e9e Vivalis.brussels, comme directrice du service de l\u2019Aide aux personnes. Lorsque j\u2019ai pris ma pension, j\u2019ai directement commenc\u00e9 plusieurs b\u00e9n\u00e9volats et j\u2019ai rencontr\u00e9 <a href=\"\/fr\/?page_id=4143\" target=\"_blank\" rel=\"noreferrer noopener\">Mathilde Biette<\/a> lors d\u2019un salon du b\u00e9n\u00e9volat organis\u00e9 au Centre communautaire flamand Elzenhof. J\u2019\u00e9tais tr\u00e8s emball\u00e9e \u00e0 l\u2019id\u00e9e de rejoindre l\u2019\u00e9quipe pour \u00eatre sur le terrain et aider les b\u00e9n\u00e9ficiaires en les accompagnant pour effectuer diverses d\u00e9marches. <\/p>\n\n\n\n<p id=\"block-d42ee12d-f2c6-4363-85ca-3c81c4809745\">Si j\u2019ai beaucoup appr\u00e9ci\u00e9 toutes les missions que j\u2019ai pu remplir \u2013 en tant que juriste, je choisis principalement des d\u00e9marches administratives complexes ou r\u00e9barbatives, je ressentais n\u00e9anmoins un l\u00e9ger manque, un besoin d\u2019un travail plus approfondi, un contact plus \u00e9tudi\u00e9 avec un r\u00e9sultat imm\u00e9diat produit par moi et non une tierce personne.<\/p>\n\n\n\n<p id=\"block-468fba33-f0cc-48c4-a4e3-b9191d43d09d\">J\u2019ai alors propos\u00e9 un service <a href=\"https:\/\/accompagner.be\/wp-content\/uploads\/INFO_66-FR-2.pdf\" target=\"_blank\" rel=\"noreferrer noopener\">d\u2019\u00e9crivaine publique<\/a>. Tous les 15 jours, je consacre un apr\u00e8s-midi par semaine \u00e0 cette permanence. J\u2019y rencontre des personnes d\u00e9courag\u00e9es par des courriers ou emails \u00e0 \u00e9crire qui pr\u00e9sentent pour elles des difficult\u00e9s tant sur le fond que sur la forme. Or, ces courriers sont des pi\u00e8ces essentielles pour obtenir des droits, ou se d\u00e9fendre dans certains litiges. J\u2019\u00e9prouve un r\u00e9el plaisir \u00e0 rencontrer ces personnes. Dans un premier temps, j\u2019essaie de voir o\u00f9 sont les priorit\u00e9s et ensuite je m\u2019y mets, je r\u00e9dige, et bien entendu, nous lisons ensemble la lettre (email) avec la personne, car j\u2019\u00e9cris en son nom et il est primordial qu\u2019elle comprenne et valide le texte.<\/p>\n\n\n\n<p id=\"block-5e7ff848-d957-4323-997a-0a647ee36a5b\">Il arrive r\u00e9guli\u00e8rement que, lors de nos contacts, <a href=\"\/fr\/?page_id=12346\" target=\"_blank\" rel=\"noreferrer noopener\">je d\u00e9couvre qu\u2019il y a d\u2019autres probl\u00e8mes \u00e0 r\u00e9gler<\/a>, soit par moi, soit par les professionnels de l\u2019ASBL, \u00e0 qui je renvoie alors la demande. C\u2019est donc une nouvelle facette de mon b\u00e9n\u00e9volat qui me plait particuli\u00e8rement : j\u2019aime les contacts humains en pr\u00e9sentiel, j\u2019appr\u00e9cie les challenges pour r\u00e9soudre des situations administratives et j\u2019ai une bonne plume. Et, last but not least, le b\u00e9n\u00e9volat c\u2019est du win-win : je rencontre des personnes attachantes, qui ont connu l\u2019adversit\u00e9 et que je n\u2019aurais probablement pas eu l\u2019occasion de croiser sur ma route. Je vois cela comme un juste retour des choses; j\u2019ai eu de la chance dans ma vie, et c\u2019est un honneur de pouvoir \u00e0 mon tour aider des personnes qui, pour diverses raisons, n\u2019ont pas acc\u00e8s aux cl\u00e9s qui pourraient r\u00e9soudre leurs difficult\u00e9s.<\/p>\n\n\n\n<p>.<\/p>\n\n\n\n<h4><strong>Lettre d&rsquo;un ancien b\u00e9n\u00e9vole<\/strong><\/h4>\n\n\n\n<figure class=\"wp-block-pullquote\"><blockquote><p>Chers amis, il y a 11 ans, j\u2019accompagnais, pour la premi\u00e8re fois, Roger, un sans logis, pour une consultation \u00e0 l\u2019h\u00f4pital. Un peu anxieuse cependant, je me demandais comment cela se passerait. Apr\u00e8s quelques approches prudentes, Roger accepta de me suivre et nous dev\u00eenmes de bons amis.<\/p><p>D\u2019autres accompagnements ont suivi. J\u2019ai accompli ma mission de b\u00e9n\u00e9vole avec beaucoup d\u2019enthousiasme. Quelle joie de percevoir toute la richesse de leur c\u0153ur \u00e0 travers un merci, parfois maladroit. On re\u00e7oit bien plus qu\u2019on ne donne.<\/p><p>Aujourd\u2019hui, j\u2019apprends que Roger est d\u00e9c\u00e9d\u00e9. J\u2019ai un petit pincement de c\u0153ur. Ma sant\u00e9 ne me permet plus d\u2019\u00eatre b\u00e9n\u00e9vole active.<\/p><p>Mais nous pensons surtout \u00e0 vous, chers b\u00e9n\u00e9voles d\u2019aujourd\u2019hui ! Vous avez pris la rel\u00e8ve avec courage. De nombreux Roger croiseront votre route. Ils vous tendront la main, vous leur tendrez la v\u00f4tre, et le petit miracle de la compassion humaine s\u2019accomplira. Un \u00eatre humain ne se sentira plus seul. Merci de tout c\u0153ur !<\/p><p>Bernadette<\/p><\/blockquote><\/figure>\n\n\n\n<p><\/p>\n<\/div>\n<\/div>\n<\/div><\/div>\n\n\n\n<div class=\"wp-block-group\"><div class=\"wp-block-group__inner-container\"><\/div><\/div>\n\n\n\n<p><\/p>\n","protected":false},"excerpt":{"rendered":"","protected":false},"author":11,"featured_media":0,"parent":0,"menu_order":0,"comment_status":"closed","ping_status":"closed","template":"","meta":{"advgb_blocks_editor_width":"","advgb_blocks_columns_visual_guide":""},"yoast_head":"<!-- This site is optimized with the Yoast SEO plugin v16.3 - https:\/\/yoast.com\/wordpress\/plugins\/seo\/ -->\n<title>T\u00e9moignages - Les Amis d\u2019Accompagner<\/title>\n<meta name=\"robots\" content=\"index, follow, max-snippet:-1, max-image-preview:large, max-video-preview:-1\" \/>\n<link rel=\"canonical\" href=\"https:\/\/accompagner.be\/fr\/temoignages\/\" \/>\n<meta property=\"og:locale\" content=\"fr_FR\" \/>\n<meta property=\"og:type\" content=\"article\" \/>\n<meta property=\"og:title\" content=\"T\u00e9moignages - Les Amis d\u2019Accompagner\" \/>\n<meta property=\"og:url\" content=\"https:\/\/accompagner.be\/fr\/temoignages\/\" \/>\n<meta property=\"og:site_name\" content=\"Les Amis d\u2019Accompagner\" \/>\n<meta property=\"article:modified_time\" content=\"2026-03-24T12:59:30+00:00\" \/>\n<meta property=\"og:image\" content=\"https:\/\/accompagner.be\/wp-content\/uploads\/image-3.png\" \/>\n<meta name=\"twitter:card\" content=\"summary_large_image\" \/>\n<meta name=\"twitter:label1\" content=\"Dur\u00e9e de lecture est.\">\n\t<meta name=\"twitter:data1\" content=\"5 minutes\">\n<script type=\"application\/ld+json\" class=\"yoast-schema-graph\">{\"@context\":\"https:\/\/schema.org\",\"@graph\":[{\"@type\":\"WebSite\",\"@id\":\"https:\/\/accompagner.be\/fr\/#website\",\"url\":\"https:\/\/accompagner.be\/fr\/\",\"name\":\"Les Amis d\\u2019Accompagner\",\"description\":\"Ensemble, pas \\u00e0 pas!\",\"potentialAction\":[{\"@type\":\"SearchAction\",\"target\":\"https:\/\/accompagner.be\/fr\/?s={search_term_string}\",\"query-input\":\"required name=search_term_string\"}],\"inLanguage\":\"fr-FR\"},{\"@type\":\"ImageObject\",\"@id\":\"https:\/\/accompagner.be\/fr\/temoignages\/#primaryimage\",\"inLanguage\":\"fr-FR\",\"url\":\"https:\/\/accompagner.be\/wp-content\/uploads\/image-3.png\",\"contentUrl\":\"https:\/\/accompagner.be\/wp-content\/uploads\/image-3.png\",\"width\":329,\"height\":251},{\"@type\":\"WebPage\",\"@id\":\"https:\/\/accompagner.be\/fr\/temoignages\/#webpage\",\"url\":\"https:\/\/accompagner.be\/fr\/temoignages\/\",\"name\":\"T\\u00e9moignages - Les Amis d\\u2019Accompagner\",\"isPartOf\":{\"@id\":\"https:\/\/accompagner.be\/fr\/#website\"},\"primaryImageOfPage\":{\"@id\":\"https:\/\/accompagner.be\/fr\/temoignages\/#primaryimage\"},\"datePublished\":\"2025-10-08T13:42:41+00:00\",\"dateModified\":\"2026-03-24T12:59:30+00:00\",\"breadcrumb\":{\"@id\":\"https:\/\/accompagner.be\/fr\/temoignages\/#breadcrumb\"},\"inLanguage\":\"fr-FR\",\"potentialAction\":[{\"@type\":\"ReadAction\",\"target\":[\"https:\/\/accompagner.be\/fr\/temoignages\/\"]}]},{\"@type\":\"BreadcrumbList\",\"@id\":\"https:\/\/accompagner.be\/fr\/temoignages\/#breadcrumb\",\"itemListElement\":[{\"@type\":\"ListItem\",\"position\":1,\"item\":{\"@type\":\"WebPage\",\"@id\":\"https:\/\/accompagner.be\/fr\/\",\"url\":\"https:\/\/accompagner.be\/fr\/\",\"name\":\"Accueil\"}},{\"@type\":\"ListItem\",\"position\":2,\"item\":{\"@id\":\"https:\/\/accompagner.be\/fr\/temoignages\/#webpage\"}}]}]}<\/script>\n<!-- \/ Yoast SEO plugin. -->","coauthors":[],"author_meta":{"author_link":"https:\/\/accompagner.be\/fr\/author\/francine\/","display_name":"Francine"},"relative_dates":{"created":"Posted 6 mois ago","modified":"Updated 4 semaines ago"},"featured_img_caption":"","_links":{"self":[{"href":"https:\/\/accompagner.be\/fr\/wp-json\/wp\/v2\/pages\/13378"}],"collection":[{"href":"https:\/\/accompagner.be\/fr\/wp-json\/wp\/v2\/pages"}],"about":[{"href":"https:\/\/accompagner.be\/fr\/wp-json\/wp\/v2\/types\/page"}],"author":[{"embeddable":true,"href":"https:\/\/accompagner.be\/fr\/wp-json\/wp\/v2\/users\/11"}],"replies":[{"embeddable":true,"href":"https:\/\/accompagner.be\/fr\/wp-json\/wp\/v2\/comments?post=13378"}],"version-history":[{"count":28,"href":"https:\/\/accompagner.be\/fr\/wp-json\/wp\/v2\/pages\/13378\/revisions"}],"predecessor-version":[{"id":13715,"href":"https:\/\/accompagner.be\/fr\/wp-json\/wp\/v2\/pages\/13378\/revisions\/13715"}],"wp:attachment":[{"href":"https:\/\/accompagner.be\/fr\/wp-json\/wp\/v2\/media?parent=13378"}],"curies":[{"name":"wp","href":"https:\/\/api.w.org\/{rel}","templated":true}]}}