{"id":12915,"date":"2024-08-01T12:25:24","date_gmt":"2024-08-01T10:25:24","guid":{"rendered":"https:\/\/accompagner.be\/?page_id=12915"},"modified":"2025-11-05T09:24:30","modified_gmt":"2025-11-05T08:24:30","slug":"service-social","status":"publish","type":"page","link":"https:\/\/accompagner.be\/fr\/service-social\/","title":{"rendered":"Service Social"},"content":{"rendered":"\n<p>L\u2019asbl \u00ab <a href=\"https:\/\/accompagner.be\/fr\/\" target=\"_blank\" rel=\"noreferrer noopener\">Les Amis d\u2019Accompagner\u00a0<\/a>\u00bb est un service de premi\u00e8re ligne reconnu par la COCOM comme CAP, Centre d\u2019Aide aux Personnes. <\/p>\n\n\n\n<p>Le service d\u2019accueil et d\u2019orientation sociojuridique est la <a href=\"https:\/\/accompagner.be\/fr\/contact\/\" target=\"_blank\" rel=\"noreferrer noopener\">premi\u00e8re porte d\u2019entr\u00e9e<\/a> des b\u00e9n\u00e9ficiaires qui se pr\u00e9sentent. Comme les deux autres services de l\u2019asbl, ce service est compos\u00e9 d\u2019une <a href=\"https:\/\/accompagner.be\/fr\/jobs\/\" target=\"_blank\" rel=\"noreferrer noopener\">\u00e9quipe de volontaires <\/a>encadr\u00e9e par des professionnels. Pour en savoir davantage, t\u00e9l\u00e9phonez au 02\/580.20.30.<\/p>\n\n\n\n<p><span style=\"color:#ffffff\" class=\"color\">.<\/span><\/p>\n\n\n\n<div class=\"wp-block-media-text alignwide is-stacked-on-mobile\" style=\"grid-template-columns:15% auto\"><figure class=\"wp-block-media-text__media\"><img loading=\"lazy\" width=\"1024\" height=\"768\" src=\"https:\/\/accompagner.be\/wp-content\/uploads\/Photo_Accueil-1024x768.jpg\" alt=\"\" class=\"wp-image-12892 size-full\" srcset=\"https:\/\/accompagner.be\/wp-content\/uploads\/Photo_Accueil-1024x768.jpg 1024w, https:\/\/accompagner.be\/wp-content\/uploads\/Photo_Accueil-300x225.jpg 300w, https:\/\/accompagner.be\/wp-content\/uploads\/Photo_Accueil-768x576.jpg 768w, https:\/\/accompagner.be\/wp-content\/uploads\/Photo_Accueil-1536x1152.jpg 1536w, https:\/\/accompagner.be\/wp-content\/uploads\/Photo_Accueil-2048x1536.jpg 2048w\" sizes=\"(max-width: 1024px) 100vw, 1024px\" \/><\/figure><div class=\"wp-block-media-text__content\">\n<p class=\"has-normal-font-size\">Les personnes sont re\u00e7ues chaleureusement \u00e0 l&rsquo;accueil par une agente d\u2019accueil et\/ou par un volontaire. Un sourire, caf\u00e9 et th\u00e9 sont propos\u00e9s \u00e0 toute personne franchissant le seuil de l\u2019asbl. Cet accueil facilite les contacts avec l\u2019assistant.e social.e en permettant \u00e0 la personne de se sentir en confiance par des gestes tr\u00e8s concrets, par une \u00e9coute et une premi\u00e8re collecte d\u2019informations g\u00e9n\u00e9rales.<\/p>\n<\/div><\/div>\n\n\n\n<p><\/p>\n\n\n\n<div class=\"wp-block-media-text alignwide is-stacked-on-mobile\" style=\"grid-template-columns:15% auto\"><figure class=\"wp-block-media-text__media\"><img loading=\"lazy\" width=\"1024\" height=\"671\" src=\"https:\/\/accompagner.be\/wp-content\/uploads\/Photo-service-social-1024x671.jpg\" alt=\"\" class=\"wp-image-12889 size-full\" srcset=\"https:\/\/accompagner.be\/wp-content\/uploads\/Photo-service-social-1024x671.jpg 1024w, https:\/\/accompagner.be\/wp-content\/uploads\/Photo-service-social-300x197.jpg 300w, https:\/\/accompagner.be\/wp-content\/uploads\/Photo-service-social-768x503.jpg 768w, https:\/\/accompagner.be\/wp-content\/uploads\/Photo-service-social-1536x1006.jpg 1536w, https:\/\/accompagner.be\/wp-content\/uploads\/Photo-service-social-2048x1342.jpg 2048w\" sizes=\"(max-width: 1024px) 100vw, 1024px\" \/><\/figure><div class=\"wp-block-media-text__content\">\n<p class=\"has-normal-font-size\">Ce sont alors les assistants sociaux, second\u00e9s par des intervenants sociaux b\u00e9n\u00e9voles, qui dans la pratique journali\u00e8re, \u00e9coutent, analysent les situations et orientent les personnes vers une solution au probl\u00e8me pos\u00e9 en travaillant en r\u00e9seau avec les institutions et les associations. Pour ce faire ils leur proposent un plan des d\u00e9marches, et si les personnes le souhaitent &#8211; ou en cas de n\u00e9cessit\u00e9 &#8211; un accompagnement de terrain par un volontaire.<\/p>\n<\/div><\/div>\n\n\n\n<p>Outre l&rsquo;action sociale individuelle, Les Amis d&rsquo;Accompagner met en place une <a href=\"https:\/\/accompagner.be\/fr\/action-collective-et-communautaire\/\" target=\"_blank\" rel=\"noreferrer noopener\">action collective et communautaire<\/a> au sein du quartier Van Huffel \u00e0 Koekelberg.<\/p>\n\n\n\n<p>.<\/p>\n\n\n\n<p>Au m\u00eame titre que d\u2019autres associations, l\u2019\u00e9quipe du service d\u2019accueil et d\u2019orientation sociojuridique introduisent des <a href=\"https:\/\/accompagner.be\/fr\/demander-un-accompagnement\/\" target=\"_blank\" rel=\"noreferrer noopener\">demandes d\u2019accompagnement via le formulaire<\/a> en ligne permettant, au service d\u2019accompagnement ambulatoire, de rechercher le b\u00e9n\u00e9vole qui facilitera le suivi du dossier de la personne en difficult\u00e9.<\/p>\n\n\n\n<p>L\u2019asbl \u00ab Les Amis d\u2019Accompagner&nbsp;\u00bb soutient le projet d\u2019appel social gratuit de la f\u00e9d\u00e9ration des services sociaux dont ils sont membres. Le <a href=\"https:\/\/www.fdss.be\/fr\/membres\/allo-aide-sociale-numero-gratuit-bruxelles-0800-35-243\/\" target=\"_blank\" rel=\"noreferrer noopener\">num\u00e9ro Vert \u2013 Aide Sociale<\/a> 0800 35 243 est gratuit et confidentiel, il est ouvert de 9 heures \u00e0 17 heures du lundi au vendredi, les jours ouvrables. Il s\u2019adresse aux bruxellois\u00b7e\u00b7s qui ont des questions ou rencontrent des difficult\u00e9s d\u2019ordre social (alimentation, logement, budget, d\u00e9marches administratives, situation familiale, isolement\u2026). Des assistants sociaux, dont l\u2019\u00e9quipe sociale d\u2019Accompagner, informent les personnes sur leurs droits sociaux.<\/p>\n\n\n\n<p>.<\/p>\n\n\n\n<h4><strong>Horaire du service social<\/strong><\/h4>\n\n\n\n<figure class=\"wp-block-image size-large\"><img loading=\"lazy\" width=\"876\" height=\"651\" src=\"https:\/\/accompagner.be\/wp-content\/uploads\/Horaires-SASO-2025.png\" alt=\"\" class=\"wp-image-13304\" srcset=\"https:\/\/accompagner.be\/wp-content\/uploads\/Horaires-SASO-2025.png 876w, https:\/\/accompagner.be\/wp-content\/uploads\/Horaires-SASO-2025-300x223.png 300w, https:\/\/accompagner.be\/wp-content\/uploads\/Horaires-SASO-2025-768x571.png 768w\" sizes=\"(max-width: 876px) 100vw, 876px\" \/><\/figure>\n\n\n\n<p><\/p>\n","protected":false},"excerpt":{"rendered":"<p>L\u2019asbl \u00ab Les Amis d\u2019Accompagner\u00a0\u00bb est un service de premi\u00e8re ligne reconnu par la COCOM comme CAP, Centre d\u2019Aide aux Personnes. Le service d\u2019accueil et d\u2019orientation sociojuridique est la premi\u00e8re porte d\u2019entr\u00e9e des b\u00e9n\u00e9ficiaires qui se pr\u00e9sentent. Comme les deux autres services de l\u2019asbl, ce service est compos\u00e9 d\u2019une \u00e9quipe de volontaires encadr\u00e9e par des [&hellip;]<\/p>\n","protected":false},"author":11,"featured_media":0,"parent":0,"menu_order":0,"comment_status":"closed","ping_status":"closed","template":"","meta":{"advgb_blocks_editor_width":"","advgb_blocks_columns_visual_guide":""},"yoast_head":"<!-- This site is optimized with the Yoast SEO plugin v16.3 - https:\/\/yoast.com\/wordpress\/plugins\/seo\/ -->\n<title>Service Social - Les Amis d\u2019Accompagner<\/title>\n<meta name=\"robots\" content=\"index, follow, max-snippet:-1, max-image-preview:large, max-video-preview:-1\" \/>\n<link rel=\"canonical\" href=\"https:\/\/accompagner.be\/fr\/service-social\/\" \/>\n<meta property=\"og:locale\" content=\"fr_FR\" \/>\n<meta property=\"og:type\" content=\"article\" \/>\n<meta property=\"og:title\" content=\"Service Social - Les Amis d\u2019Accompagner\" \/>\n<meta property=\"og:description\" content=\"L\u2019asbl \u00ab Les Amis d\u2019Accompagner\u00a0\u00bb est un service de premi\u00e8re ligne reconnu par la COCOM comme CAP, Centre d\u2019Aide aux Personnes. Le service d\u2019accueil et d\u2019orientation sociojuridique est la premi\u00e8re porte d\u2019entr\u00e9e des b\u00e9n\u00e9ficiaires qui se pr\u00e9sentent. Comme les deux autres services de l\u2019asbl, ce service est compos\u00e9 d\u2019une \u00e9quipe de volontaires encadr\u00e9e par des [&hellip;]\" \/>\n<meta property=\"og:url\" content=\"https:\/\/accompagner.be\/fr\/service-social\/\" \/>\n<meta property=\"og:site_name\" content=\"Les Amis d\u2019Accompagner\" \/>\n<meta property=\"article:modified_time\" content=\"2025-11-05T08:24:30+00:00\" \/>\n<meta property=\"og:image\" content=\"https:\/\/accompagner.be\/wp-content\/uploads\/Photo_Accueil-1024x768.jpg\" \/>\n<meta name=\"twitter:card\" content=\"summary_large_image\" \/>\n<meta name=\"twitter:label1\" content=\"Dur\u00e9e de lecture est.\">\n\t<meta name=\"twitter:data1\" content=\"3 minutes\">\n<script type=\"application\/ld+json\" class=\"yoast-schema-graph\">{\"@context\":\"https:\/\/schema.org\",\"@graph\":[{\"@type\":\"WebSite\",\"@id\":\"https:\/\/accompagner.be\/fr\/#website\",\"url\":\"https:\/\/accompagner.be\/fr\/\",\"name\":\"Les Amis d\\u2019Accompagner\",\"description\":\"Ensemble, pas \\u00e0 pas!\",\"potentialAction\":[{\"@type\":\"SearchAction\",\"target\":\"https:\/\/accompagner.be\/fr\/?s={search_term_string}\",\"query-input\":\"required name=search_term_string\"}],\"inLanguage\":\"fr-FR\"},{\"@type\":\"ImageObject\",\"@id\":\"https:\/\/accompagner.be\/fr\/service-social\/#primaryimage\",\"inLanguage\":\"fr-FR\",\"url\":\"https:\/\/accompagner.be\/wp-content\/uploads\/Photo_Accueil-scaled.jpg\",\"contentUrl\":\"https:\/\/accompagner.be\/wp-content\/uploads\/Photo_Accueil-scaled.jpg\",\"width\":2560,\"height\":1920},{\"@type\":\"WebPage\",\"@id\":\"https:\/\/accompagner.be\/fr\/service-social\/#webpage\",\"url\":\"https:\/\/accompagner.be\/fr\/service-social\/\",\"name\":\"Service Social - Les Amis d\\u2019Accompagner\",\"isPartOf\":{\"@id\":\"https:\/\/accompagner.be\/fr\/#website\"},\"primaryImageOfPage\":{\"@id\":\"https:\/\/accompagner.be\/fr\/service-social\/#primaryimage\"},\"datePublished\":\"2024-08-01T10:25:24+00:00\",\"dateModified\":\"2025-11-05T08:24:30+00:00\",\"breadcrumb\":{\"@id\":\"https:\/\/accompagner.be\/fr\/service-social\/#breadcrumb\"},\"inLanguage\":\"fr-FR\",\"potentialAction\":[{\"@type\":\"ReadAction\",\"target\":[\"https:\/\/accompagner.be\/fr\/service-social\/\"]}]},{\"@type\":\"BreadcrumbList\",\"@id\":\"https:\/\/accompagner.be\/fr\/service-social\/#breadcrumb\",\"itemListElement\":[{\"@type\":\"ListItem\",\"position\":1,\"item\":{\"@type\":\"WebPage\",\"@id\":\"https:\/\/accompagner.be\/fr\/\",\"url\":\"https:\/\/accompagner.be\/fr\/\",\"name\":\"Accueil\"}},{\"@type\":\"ListItem\",\"position\":2,\"item\":{\"@id\":\"https:\/\/accompagner.be\/fr\/service-social\/#webpage\"}}]}]}<\/script>\n<!-- \/ Yoast SEO plugin. -->","coauthors":[],"author_meta":{"author_link":"https:\/\/accompagner.be\/fr\/author\/francine\/","display_name":"Francine"},"relative_dates":{"created":"Posted 2 ans ago","modified":"Updated 5 mois ago"},"featured_img_caption":"","_links":{"self":[{"href":"https:\/\/accompagner.be\/fr\/wp-json\/wp\/v2\/pages\/12915"}],"collection":[{"href":"https:\/\/accompagner.be\/fr\/wp-json\/wp\/v2\/pages"}],"about":[{"href":"https:\/\/accompagner.be\/fr\/wp-json\/wp\/v2\/types\/page"}],"author":[{"embeddable":true,"href":"https:\/\/accompagner.be\/fr\/wp-json\/wp\/v2\/users\/11"}],"replies":[{"embeddable":true,"href":"https:\/\/accompagner.be\/fr\/wp-json\/wp\/v2\/comments?post=12915"}],"version-history":[{"count":26,"href":"https:\/\/accompagner.be\/fr\/wp-json\/wp\/v2\/pages\/12915\/revisions"}],"predecessor-version":[{"id":13428,"href":"https:\/\/accompagner.be\/fr\/wp-json\/wp\/v2\/pages\/12915\/revisions\/13428"}],"wp:attachment":[{"href":"https:\/\/accompagner.be\/fr\/wp-json\/wp\/v2\/media?parent=12915"}],"curies":[{"name":"wp","href":"https:\/\/api.w.org\/{rel}","templated":true}]}}