{"id":12906,"date":"2024-08-01T11:17:23","date_gmt":"2024-08-01T09:17:23","guid":{"rendered":"https:\/\/accompagner.be\/?page_id=12906"},"modified":"2024-12-18T10:39:18","modified_gmt":"2024-12-18T09:39:18","slug":"action-collective-et-communautaire","status":"publish","type":"page","link":"https:\/\/accompagner.be\/fr\/action-collective-et-communautaire\/","title":{"rendered":"Action collective et communautaire"},"content":{"rendered":"\n<figure class=\"wp-block-image size-large is-resized\"><img loading=\"lazy\" src=\"https:\/\/accompagner.be\/wp-content\/uploads\/Photo1-e1722849559437-1024x742.jpg\" alt=\"F\u00eate des voisins\" class=\"wp-image-12908\" width=\"473\" height=\"242\"\/><\/figure>\n\n\n\n<p><\/p>\n\n\n\n<p>Outre <a href=\"https:\/\/accompagner.be\/fr\/service-social\/\" target=\"_blank\" rel=\"noreferrer noopener\">l\u2019action sociale individuelle<\/a>, notre reconnaissance comme Centre d\u2019Aide aux Personnes a induit une obligation d\u2019action sociale collective et d\u2019action sociale communautaire. Voici quelques objectifs r\u00e9alis\u00e9s et en cours&nbsp;:<\/p>\n\n\n\n<p>.<\/p>\n\n\n\n<ul><li><strong>Accompagner le Comit\u00e9 de Quartier Van Huffel<\/strong><\/li><\/ul>\n\n\n\n<p>Le comit\u00e9 de quartier a vu le jour en 2022, suite \u00e0 un besoin de convivialit\u00e9, d\u2019\u00e9change et d\u2019entraide. Un assistant social \u00e9paule ce comit\u00e9 pour l\u2019organisation de r\u00e9unions, d\u2019activit\u00e9s (f\u00eate de quartier), de rencontres, de contacts, etc. afin qu\u2019il puisse \u00eatre autonome en 2026.<\/p>\n\n\n\n<p>.<\/p>\n\n\n\n<ul><li><strong>Distribuer des repas chauds gratuits<\/strong><\/li><\/ul>\n\n\n\n<p>En collaboration avec l\u2019ASBL \u00ab La Porte Verte \u00bb, \u00ab&nbsp;Les Amis d\u2019Accompagner&nbsp;\u00bb ont distribu\u00e9 pendant l\u2019hiver des repas chauds gratuits aux habitants des communes de Koekelberg \/ Molenbeek, situ\u00e9 dans un p\u00e9rim\u00e8tre proche de l&rsquo;Association. Les personnes pouvant avoir acc\u00e8s \u00e0 ces repas sont en priorit\u00e9 des personnes vivant sous le seuil de pauvret\u00e9<\/p>\n\n\n\n<p>.<\/p>\n\n\n\n<ul><li><strong>Vivre avec la fracture num\u00e9rique<\/strong><\/li><\/ul>\n\n\n\n<figure class=\"wp-block-image size-large is-resized\"><img loading=\"lazy\" src=\"https:\/\/accompagner.be\/wp-content\/uploads\/Photo_cafe_numerique-1024x785.jpg\" alt=\"\" class=\"wp-image-12911\" width=\"354\" height=\"277\"\/><\/figure>\n\n\n\n<p>De plus en plus de services sont uniquement accessibles en ligne ce qui complique parfois les d\u00e9marches des personnes. L\u2019asbl \u00ab&nbsp;Les Amis d\u2019Accompagner&nbsp;\u00bb accompagne les personnes, pour qui le num\u00e9rique est une barri\u00e8re, en mettant en place diff\u00e9rentes actions&nbsp;:<\/p>\n\n\n\n<p>&#8211; Caf\u00e9 num\u00e9rique.&nbsp; Ces rencontres conviviales en groupe sont organis\u00e9es toutes les deux semaines afin d\u2019apporter une aide pratique sur leur t\u00e9l\u00e9phone.<\/p>\n\n\n\n<p>&#8211; Des s\u00e9ances collectives pour aider \u00e0 l\u2019introduction d\u2019allocation d\u2019\u00e9tudes en plus des rendez-vous individuels<\/p>\n\n\n\n<p>&#8211; Une aide pour les personnes qui ont des difficult\u00e9s \u00e0 compl\u00e9ter leur d\u00e9claration d\u2019imp\u00f4ts.<\/p>\n","protected":false},"excerpt":{"rendered":"<p>Outre l\u2019action sociale individuelle, notre reconnaissance comme Centre d\u2019Aide aux Personnes a induit une obligation d\u2019action sociale collective et d\u2019action sociale communautaire. Voici quelques objectifs r\u00e9alis\u00e9s et en cours&nbsp;: . Accompagner le Comit\u00e9 de Quartier Van Huffel Le comit\u00e9 de quartier a vu le jour en 2022, suite \u00e0 un besoin de convivialit\u00e9, d\u2019\u00e9change et [&hellip;]<\/p>\n","protected":false},"author":11,"featured_media":0,"parent":0,"menu_order":0,"comment_status":"closed","ping_status":"closed","template":"","meta":{"advgb_blocks_editor_width":"","advgb_blocks_columns_visual_guide":""},"yoast_head":"<!-- This site is optimized with the Yoast SEO plugin v16.3 - https:\/\/yoast.com\/wordpress\/plugins\/seo\/ -->\n<title>Action collective et communautaire - Les Amis d\u2019Accompagner<\/title>\n<meta name=\"robots\" content=\"index, follow, max-snippet:-1, max-image-preview:large, max-video-preview:-1\" \/>\n<link rel=\"canonical\" href=\"https:\/\/accompagner.be\/fr\/action-collective-et-communautaire\/\" \/>\n<meta property=\"og:locale\" content=\"fr_FR\" \/>\n<meta property=\"og:type\" content=\"article\" \/>\n<meta property=\"og:title\" content=\"Action collective et communautaire - Les Amis d\u2019Accompagner\" \/>\n<meta property=\"og:description\" content=\"Outre l\u2019action sociale individuelle, notre reconnaissance comme Centre d\u2019Aide aux Personnes a induit une obligation d\u2019action sociale collective et d\u2019action sociale communautaire. Voici quelques objectifs r\u00e9alis\u00e9s et en cours&nbsp;: . Accompagner le Comit\u00e9 de Quartier Van Huffel Le comit\u00e9 de quartier a vu le jour en 2022, suite \u00e0 un besoin de convivialit\u00e9, d\u2019\u00e9change et [&hellip;]\" \/>\n<meta property=\"og:url\" content=\"https:\/\/accompagner.be\/fr\/action-collective-et-communautaire\/\" \/>\n<meta property=\"og:site_name\" content=\"Les Amis d\u2019Accompagner\" \/>\n<meta property=\"article:modified_time\" content=\"2024-12-18T09:39:18+00:00\" \/>\n<meta property=\"og:image\" content=\"https:\/\/accompagner.be\/wp-content\/uploads\/Photo1-e1722849559437-1024x742.jpg\" \/>\n<meta name=\"twitter:card\" content=\"summary_large_image\" \/>\n<meta name=\"twitter:label1\" content=\"Dur\u00e9e de lecture est.\">\n\t<meta name=\"twitter:data1\" content=\"2 minutes\">\n<script type=\"application\/ld+json\" class=\"yoast-schema-graph\">{\"@context\":\"https:\/\/schema.org\",\"@graph\":[{\"@type\":\"WebSite\",\"@id\":\"https:\/\/accompagner.be\/fr\/#website\",\"url\":\"https:\/\/accompagner.be\/fr\/\",\"name\":\"Les Amis d\\u2019Accompagner\",\"description\":\"Ensemble, pas \\u00e0 pas!\",\"potentialAction\":[{\"@type\":\"SearchAction\",\"target\":\"https:\/\/accompagner.be\/fr\/?s={search_term_string}\",\"query-input\":\"required name=search_term_string\"}],\"inLanguage\":\"fr-FR\"},{\"@type\":\"ImageObject\",\"@id\":\"https:\/\/accompagner.be\/fr\/action-collective-et-communautaire\/#primaryimage\",\"inLanguage\":\"fr-FR\",\"url\":\"https:\/\/accompagner.be\/wp-content\/uploads\/Photo1-e1722849559437.jpg\",\"contentUrl\":\"https:\/\/accompagner.be\/wp-content\/uploads\/Photo1-e1722849559437.jpg\",\"width\":1650,\"height\":965,\"caption\":\"F\\u00eate des voisin\"},{\"@type\":\"WebPage\",\"@id\":\"https:\/\/accompagner.be\/fr\/action-collective-et-communautaire\/#webpage\",\"url\":\"https:\/\/accompagner.be\/fr\/action-collective-et-communautaire\/\",\"name\":\"Action collective et communautaire - Les Amis d\\u2019Accompagner\",\"isPartOf\":{\"@id\":\"https:\/\/accompagner.be\/fr\/#website\"},\"primaryImageOfPage\":{\"@id\":\"https:\/\/accompagner.be\/fr\/action-collective-et-communautaire\/#primaryimage\"},\"datePublished\":\"2024-08-01T09:17:23+00:00\",\"dateModified\":\"2024-12-18T09:39:18+00:00\",\"breadcrumb\":{\"@id\":\"https:\/\/accompagner.be\/fr\/action-collective-et-communautaire\/#breadcrumb\"},\"inLanguage\":\"fr-FR\",\"potentialAction\":[{\"@type\":\"ReadAction\",\"target\":[\"https:\/\/accompagner.be\/fr\/action-collective-et-communautaire\/\"]}]},{\"@type\":\"BreadcrumbList\",\"@id\":\"https:\/\/accompagner.be\/fr\/action-collective-et-communautaire\/#breadcrumb\",\"itemListElement\":[{\"@type\":\"ListItem\",\"position\":1,\"item\":{\"@type\":\"WebPage\",\"@id\":\"https:\/\/accompagner.be\/fr\/\",\"url\":\"https:\/\/accompagner.be\/fr\/\",\"name\":\"Accueil\"}},{\"@type\":\"ListItem\",\"position\":2,\"item\":{\"@id\":\"https:\/\/accompagner.be\/fr\/action-collective-et-communautaire\/#webpage\"}}]}]}<\/script>\n<!-- \/ Yoast SEO plugin. -->","coauthors":[],"author_meta":{"author_link":"https:\/\/accompagner.be\/fr\/author\/francine\/","display_name":"Francine"},"relative_dates":{"created":"Posted 2 ans ago","modified":"Updated 1 an ago"},"featured_img_caption":"","_links":{"self":[{"href":"https:\/\/accompagner.be\/fr\/wp-json\/wp\/v2\/pages\/12906"}],"collection":[{"href":"https:\/\/accompagner.be\/fr\/wp-json\/wp\/v2\/pages"}],"about":[{"href":"https:\/\/accompagner.be\/fr\/wp-json\/wp\/v2\/types\/page"}],"author":[{"embeddable":true,"href":"https:\/\/accompagner.be\/fr\/wp-json\/wp\/v2\/users\/11"}],"replies":[{"embeddable":true,"href":"https:\/\/accompagner.be\/fr\/wp-json\/wp\/v2\/comments?post=12906"}],"version-history":[{"count":13,"href":"https:\/\/accompagner.be\/fr\/wp-json\/wp\/v2\/pages\/12906\/revisions"}],"predecessor-version":[{"id":13072,"href":"https:\/\/accompagner.be\/fr\/wp-json\/wp\/v2\/pages\/12906\/revisions\/13072"}],"wp:attachment":[{"href":"https:\/\/accompagner.be\/fr\/wp-json\/wp\/v2\/media?parent=12906"}],"curies":[{"name":"wp","href":"https:\/\/api.w.org\/{rel}","templated":true}]}}