{"id":12346,"date":"2024-05-30T10:46:50","date_gmt":"2024-05-30T08:46:50","guid":{"rendered":"https:\/\/accompagner.be\/?page_id=12346"},"modified":"2026-03-12T13:28:38","modified_gmt":"2026-03-12T12:28:38","slug":"service-daccueil-et-dorientation-sociojuridique","status":"publish","type":"page","link":"https:\/\/accompagner.be\/fr\/service-daccueil-et-dorientation-sociojuridique\/","title":{"rendered":"Service Social"},"content":{"rendered":"\n<div class=\"wp-block-group\"><div class=\"wp-block-group__inner-container\">\n<div class=\"wp-block-columns\">\n<div class=\"wp-block-column\">\n<p>L\u2019asbl \u00ab\u00a0<a href=\"https:\/\/accompagner.be\/fr\/\" target=\"_blank\" rel=\"noreferrer noopener\">Les Amis d\u2019Accompagner\u00a0<\/a>\u00bb est un service de premi\u00e8re ligne reconnu par la COCOM comme CAP, Centre d\u2019Aide aux Personnes. Le service d\u2019accueil et d\u2019orientation sociojuridique est la\u00a0<a href=\"https:\/\/accompagner.be\/fr\/contact\/\" target=\"_blank\" rel=\"noreferrer noopener\">premi\u00e8re porte d\u2019entr\u00e9e<\/a>\u00a0des b\u00e9n\u00e9ficiaires qui se pr\u00e9sentent. Comme les deux autres services de l\u2019asbl, ce service est compos\u00e9 d\u2019une\u00a0<a href=\"https:\/\/accompagner.be\/fr\/jobs\/\" target=\"_blank\" rel=\"noreferrer noopener\">\u00e9quipe de volontaires\u00a0<\/a>encadr\u00e9e par des professionnels.<\/p>\n\n\n\n<figure class=\"wp-block-image size-full is-resized\"><img loading=\"lazy\" src=\"https:\/\/accompagner.be\/wp-content\/uploads\/Photo_Isaline6.jpg\" alt=\"\" class=\"wp-image-12707\" width=\"580\" height=\"220\"\/><\/figure>\n\n\n\n<p style=\"font-size:18px\"> .<\/p>\n\n\n\n<p>Ce sont alors les assistants sociaux, second\u00e9s par des intervenants sociaux b\u00e9n\u00e9voles, qui dans la pratique journali\u00e8re, \u00e9coutent, analysent les situations et orientent les personnes vers une solution au probl\u00e8me pos\u00e9 en travaillant en r\u00e9seau avec les institutions et les associations. Pour ce faire ils leur proposent un plan des d\u00e9marches, et si les personnes le souhaitent \u2013 ou en cas de n\u00e9cessit\u00e9 \u2013 un accompagnement de terrain par un volontaire.<\/p>\n\n\n\n<p>.<\/p>\n\n\n\n<p>.<\/p>\n\n\n\n<h4><strong>Horaire du Service Social<\/strong><\/h4>\n\n\n\n<figure class=\"wp-block-image size-large\"><img loading=\"lazy\" width=\"876\" height=\"651\" src=\"https:\/\/accompagner.be\/wp-content\/uploads\/Horaires-SASO-2025.png\" alt=\"\" class=\"wp-image-13304\" srcset=\"https:\/\/accompagner.be\/wp-content\/uploads\/Horaires-SASO-2025.png 876w, https:\/\/accompagner.be\/wp-content\/uploads\/Horaires-SASO-2025-300x223.png 300w, https:\/\/accompagner.be\/wp-content\/uploads\/Horaires-SASO-2025-768x571.png 768w\" sizes=\"(max-width: 876px) 100vw, 876px\" \/><\/figure>\n\n\n\n<p>.<\/p>\n<\/div>\n\n\n\n<div class=\"wp-block-column\">\n<p>Les personnes sont re\u00e7ues chaleureusement \u00e0 l\u2019accueil par une agente d\u2019accueil et\/ou par un volontaire. Un sourire, caf\u00e9 et th\u00e9 sont propos\u00e9s \u00e0 toute personne franchissant le seuil de l\u2019asbl. Cet accueil facilite les contacts avec l\u2019assistant.e social.e en permettant \u00e0 la personne de se sentir en confiance par des gestes tr\u00e8s concrets, par une \u00e9coute et une premi\u00e8re collecte d\u2019informations g\u00e9n\u00e9rales. <\/p>\n\n\n\n\t\t<!-- MasterSlider -->\n\t\t<div id=\"P_MS665838ec15c66\" class=\"master-slider-parent ms-parent-id-27\" style=\"max-width:600px;\"  >\n\n\t\t\t\n\t\t\t<!-- MasterSlider Main -->\n\t\t\t<div id=\"MS665838ec15c66\" class=\"master-slider ms-skin-default\" >\n\t\t\t\t \t\t\t\t \n\n\t\t\t<div  class=\"ms-slide\" data-delay=\"3\" data-fill-mode=\"fill\"   >\n\t\t\t\t\t<img src=\"https:\/\/accompagner.be\/wp-content\/plugins\/masterslider\/public\/assets\/css\/blank.gif\" alt=\"\" title=\"20220325_160734\" data-src=\"https:\/\/accompagner.be\/wp-content\/uploads\/20220325_160734-scaled.jpg\" \/>\n\n\n\t\t\t\t<\/div>\n\t\t\t<div  class=\"ms-slide\" data-delay=\"3\" data-fill-mode=\"fill\"   >\n\t\t\t\t\t<img src=\"https:\/\/accompagner.be\/wp-content\/plugins\/masterslider\/public\/assets\/css\/blank.gif\" alt=\"\" title=\"Article1_Photo_temoignage_Peggy\" data-src=\"https:\/\/accompagner.be\/wp-content\/uploads\/Article1_Photo_temoignage_Peggy-1-scaled.jpg\" \/>\n\n\n\t\t\t\t<\/div>\n\t\t\t<div  class=\"ms-slide\" data-delay=\"3\" data-fill-mode=\"fill\"   >\n\t\t\t\t\t<img src=\"https:\/\/accompagner.be\/wp-content\/plugins\/masterslider\/public\/assets\/css\/blank.gif\" alt=\"\" title=\"20220325_160910\" data-src=\"https:\/\/accompagner.be\/wp-content\/uploads\/20220325_160910-scaled.jpg\" \/>\n\n\n\t\t\t\t<\/div>\n\t\t\t<div  class=\"ms-slide\" data-delay=\"3\" data-fill-mode=\"fill\"   >\n\t\t\t\t\t<img src=\"https:\/\/accompagner.be\/wp-content\/plugins\/masterslider\/public\/assets\/css\/blank.gif\" alt=\"\" title=\"Article_BEN\" data-src=\"https:\/\/accompagner.be\/wp-content\/uploads\/Article_BEN-scaled.jpg\" \/>\n\n\n\t\t\t\t<\/div>\n\t\t\t<div  class=\"ms-slide\" data-delay=\"3\" data-fill-mode=\"fill\"   >\n\t\t\t\t\t<img src=\"https:\/\/accompagner.be\/wp-content\/plugins\/masterslider\/public\/assets\/css\/blank.gif\" alt=\"\" title=\"ACC-PLAN-SC_2954_avec_arrondis\" data-src=\"https:\/\/accompagner.be\/wp-content\/uploads\/ACC-PLAN-SC_2954_avec_arrondis.jpg\" \/>\n\n\n\t\t\t\t<\/div>\n\t\t\t<div  class=\"ms-slide\" data-delay=\"3\" data-fill-mode=\"fill\"   >\n\t\t\t\t\t<img src=\"https:\/\/accompagner.be\/wp-content\/plugins\/masterslider\/public\/assets\/css\/blank.gif\" alt=\"\" title=\"ACC-MAINS-DSC_2970\" data-src=\"https:\/\/accompagner.be\/wp-content\/uploads\/ACC-MAINS-DSC_2970-scaled.jpg\" \/>\n\n\n\t\t\t\t<\/div>\n\n\t\t\t<\/div>\n\t\t\t<!-- END MasterSlider Main -->\n\n\t\t\t \n\t\t<\/div>\n\t\t<!-- END MasterSlider -->\n\n\t\t<script>\n\t\t( window.MSReady = window.MSReady || [] ).push( function( $ ) {\n\n\t\t\t\"use strict\";\n\t\t\tvar masterslider_5c66 = new MasterSlider();\n\n\t\t\t\/\/ slider controls\n\t\t\t\/\/ slider setup\n\t\t\tmasterslider_5c66.setup(\"MS665838ec15c66\", {\n\t\t\t\twidth           : 600,\n\t\t\t\theight          : 400,\n\t\t\t\tminHeight       : 0,\n\t\t\t\tspace           : 0,\n\t\t\t\tstart           : 1,\n\t\t\t\tgrabCursor      : true,\n\t\t\t\tswipe           : true,\n\t\t\t\tmouse           : true,\n\t\t\t\tkeyboard        : true,\n\t\t\t\tlayout          : \"boxed\",\n\t\t\t\twheel           : true,\n\t\t\t\tautoplay        : true,\n                instantStartLayers:false,\n\t\t\t\tmobileBGVideo:false,\n\t\t\t\tloop            : true,\n\t\t\t\tshuffle         : false,\n\t\t\t\tpreload         : 0,\n\t\t\t\theightLimit     : true,\n\t\t\t\tautoHeight      : false,\n\t\t\t\tsmoothHeight    : true,\n\t\t\t\tendPause        : false,\n\t\t\t\toverPause       : true,\n\t\t\t\tfillMode        : \"fill\",\n\t\t\t\tcenterControls  : true,\n\t\t\t\tstartOnAppear   : false,\n\t\t\t\tlayersMode      : \"center\",\n\t\t\t\tautofillTarget  : \"\",\n\t\t\t\thideLayers      : false,\n\t\t\t\tfullscreenMargin: 0,\n\t\t\t\tspeed           : 20,\n\t\t\t\tdir             : \"h\",\n\t\t\t\tresponsive      : true,\n\t\t\t\ttabletWidth     : 768,\n\t\t\t\ttabletHeight    : null,\n\t\t\t\tphoneWidth      : 480,\n\t\t\t\tphoneHeight    : null,\n\t\t\t\tsizingReference : window,\n\t\t\t\tparallaxMode    : 'swipe',\n\t\t\t\tview            : \"basic\"\n\t\t\t});\n\n\t\t\t\n\t\t\twindow.masterslider_instances = window.masterslider_instances || [];\n\t\t\twindow.masterslider_instances.push( masterslider_5c66 );\n\t\t});\n\t\t<\/script>\n\n\n\n\n\n<p><span style=\"color:#ffffff\" class=\"color\">.<\/span><\/p>\n\n\n\n<p><span style=\"color:#ffffff\" class=\"color\">.<\/span><\/p>\n\n\n\n<p><\/p>\n\n\n\n<p>&nbsp;Outre l\u2019action sociale individuelle, Les Amis d\u2019Accompagner met en place une&nbsp;<a href=\"https:\/\/accompagner.be\/fr\/action-collective-et-communautaire\/\" target=\"_blank\" rel=\"noreferrer noopener\">action collective et communautaire<\/a>&nbsp;au sein du quartier Van Huffel \u00e0 Koekelberg.<\/p>\n\n\n\n<p>Au m\u00eame titre que d\u2019autres associations, l\u2019\u00e9quipe du service d\u2019accueil et d\u2019orientation sociojuridique introduisent des&nbsp;<a href=\"https:\/\/accompagner.be\/fr\/demander-un-accompagnement\/\" target=\"_blank\" rel=\"noreferrer noopener\">demandes d\u2019accompagnement via le formulaire<\/a>&nbsp;en ligne permettant, au service d\u2019accompagnement ambulatoire, de rechercher le b\u00e9n\u00e9vole qui facilitera le suivi du dossier de la personne en difficult\u00e9.<\/p>\n\n\n\n<p>L\u2019asbl \u00ab Les Amis d\u2019Accompagner&nbsp;\u00bb soutient le projet d\u2019appel social gratuit de la f\u00e9d\u00e9ration des services sociaux dont ils sont membres. Le&nbsp;<a href=\"https:\/\/www.fdss.be\/fr\/membres\/allo-aide-sociale-numero-gratuit-bruxelles-0800-35-243\/\" target=\"_blank\" rel=\"noreferrer noopener\">num\u00e9ro Vert \u2013 Aide Sociale<\/a>&nbsp;0800 35 243 est gratuit et confidentiel, il est ouvert de 9 heures \u00e0 17 heures du lundi au vendredi, les jours ouvrables. Il s\u2019adresse aux bruxellois\u00b7e\u00b7s qui ont des questions ou rencontrent des difficult\u00e9s d\u2019ordre social (alimentation, logement, budget, d\u00e9marches administratives, situation familiale, isolement\u2026). Des assistants sociaux, dont l\u2019\u00e9quipe sociale d\u2019Accompagner, informent les personnes sur leurs droits sociaux.<\/p>\n\n\n\n<figure class=\"wp-block-video\"><video controls poster=\"https:\/\/accompagner.be\/wp-content\/uploads\/Photo-service-social-scaled.jpg\" src=\"https:\/\/accompagner.be\/wp-content\/uploads\/25_Amis_SASO.mp4\"><\/video><\/figure>\n<\/div>\n<\/div>\n<\/div><\/div>\n\n\n\n<p><\/p>\n","protected":false},"excerpt":{"rendered":"","protected":false},"author":11,"featured_media":0,"parent":0,"menu_order":0,"comment_status":"closed","ping_status":"closed","template":"","meta":{"advgb_blocks_editor_width":"","advgb_blocks_columns_visual_guide":""},"yoast_head":"<!-- This site is optimized with the Yoast SEO plugin v16.3 - https:\/\/yoast.com\/wordpress\/plugins\/seo\/ -->\n<title>Service Social - Les Amis d\u2019Accompagner<\/title>\n<meta name=\"robots\" content=\"index, follow, max-snippet:-1, max-image-preview:large, max-video-preview:-1\" \/>\n<link rel=\"canonical\" href=\"https:\/\/accompagner.be\/fr\/service-daccueil-et-dorientation-sociojuridique\/\" \/>\n<meta property=\"og:locale\" content=\"fr_FR\" \/>\n<meta property=\"og:type\" content=\"article\" \/>\n<meta property=\"og:title\" content=\"Service Social - Les Amis d\u2019Accompagner\" \/>\n<meta property=\"og:url\" content=\"https:\/\/accompagner.be\/fr\/service-daccueil-et-dorientation-sociojuridique\/\" \/>\n<meta property=\"og:site_name\" content=\"Les Amis d\u2019Accompagner\" \/>\n<meta property=\"article:modified_time\" content=\"2026-03-12T12:28:38+00:00\" \/>\n<meta property=\"og:image\" content=\"https:\/\/accompagner.be\/wp-content\/uploads\/Photo_Isaline6.jpg\" \/>\n<meta name=\"twitter:card\" content=\"summary_large_image\" \/>\n<meta name=\"twitter:label1\" content=\"Dur\u00e9e de lecture est.\">\n\t<meta name=\"twitter:data1\" content=\"2 minutes\">\n<script type=\"application\/ld+json\" class=\"yoast-schema-graph\">{\"@context\":\"https:\/\/schema.org\",\"@graph\":[{\"@type\":\"WebSite\",\"@id\":\"https:\/\/accompagner.be\/fr\/#website\",\"url\":\"https:\/\/accompagner.be\/fr\/\",\"name\":\"Les Amis d\\u2019Accompagner\",\"description\":\"Ensemble, pas \\u00e0 pas!\",\"potentialAction\":[{\"@type\":\"SearchAction\",\"target\":\"https:\/\/accompagner.be\/fr\/?s={search_term_string}\",\"query-input\":\"required name=search_term_string\"}],\"inLanguage\":\"fr-FR\"},{\"@type\":\"ImageObject\",\"@id\":\"https:\/\/accompagner.be\/fr\/service-daccueil-et-dorientation-sociojuridique\/#primaryimage\",\"inLanguage\":\"fr-FR\",\"url\":\"https:\/\/accompagner.be\/wp-content\/uploads\/Photo_Isaline6.jpg\",\"contentUrl\":\"https:\/\/accompagner.be\/wp-content\/uploads\/Photo_Isaline6.jpg\",\"width\":1024,\"height\":768},{\"@type\":\"WebPage\",\"@id\":\"https:\/\/accompagner.be\/fr\/service-daccueil-et-dorientation-sociojuridique\/#webpage\",\"url\":\"https:\/\/accompagner.be\/fr\/service-daccueil-et-dorientation-sociojuridique\/\",\"name\":\"Service Social - Les Amis d\\u2019Accompagner\",\"isPartOf\":{\"@id\":\"https:\/\/accompagner.be\/fr\/#website\"},\"primaryImageOfPage\":{\"@id\":\"https:\/\/accompagner.be\/fr\/service-daccueil-et-dorientation-sociojuridique\/#primaryimage\"},\"datePublished\":\"2024-05-30T08:46:50+00:00\",\"dateModified\":\"2026-03-12T12:28:38+00:00\",\"breadcrumb\":{\"@id\":\"https:\/\/accompagner.be\/fr\/service-daccueil-et-dorientation-sociojuridique\/#breadcrumb\"},\"inLanguage\":\"fr-FR\",\"potentialAction\":[{\"@type\":\"ReadAction\",\"target\":[\"https:\/\/accompagner.be\/fr\/service-daccueil-et-dorientation-sociojuridique\/\"]}]},{\"@type\":\"BreadcrumbList\",\"@id\":\"https:\/\/accompagner.be\/fr\/service-daccueil-et-dorientation-sociojuridique\/#breadcrumb\",\"itemListElement\":[{\"@type\":\"ListItem\",\"position\":1,\"item\":{\"@type\":\"WebPage\",\"@id\":\"https:\/\/accompagner.be\/fr\/\",\"url\":\"https:\/\/accompagner.be\/fr\/\",\"name\":\"Accueil\"}},{\"@type\":\"ListItem\",\"position\":2,\"item\":{\"@id\":\"https:\/\/accompagner.be\/fr\/service-daccueil-et-dorientation-sociojuridique\/#webpage\"}}]}]}<\/script>\n<!-- \/ Yoast SEO plugin. -->","coauthors":[],"author_meta":{"author_link":"https:\/\/accompagner.be\/fr\/author\/francine\/","display_name":"Francine"},"relative_dates":{"created":"Posted 2 ans ago","modified":"Updated 2 mois ago"},"featured_img_caption":"","_links":{"self":[{"href":"https:\/\/accompagner.be\/fr\/wp-json\/wp\/v2\/pages\/12346"}],"collection":[{"href":"https:\/\/accompagner.be\/fr\/wp-json\/wp\/v2\/pages"}],"about":[{"href":"https:\/\/accompagner.be\/fr\/wp-json\/wp\/v2\/types\/page"}],"author":[{"embeddable":true,"href":"https:\/\/accompagner.be\/fr\/wp-json\/wp\/v2\/users\/11"}],"replies":[{"embeddable":true,"href":"https:\/\/accompagner.be\/fr\/wp-json\/wp\/v2\/comments?post=12346"}],"version-history":[{"count":25,"href":"https:\/\/accompagner.be\/fr\/wp-json\/wp\/v2\/pages\/12346\/revisions"}],"predecessor-version":[{"id":13655,"href":"https:\/\/accompagner.be\/fr\/wp-json\/wp\/v2\/pages\/12346\/revisions\/13655"}],"wp:attachment":[{"href":"https:\/\/accompagner.be\/fr\/wp-json\/wp\/v2\/media?parent=12346"}],"curies":[{"name":"wp","href":"https:\/\/api.w.org\/{rel}","templated":true}]}}